{"id":9600,"date":"2022-11-24T11:24:17","date_gmt":"2022-11-24T16:24:17","guid":{"rendered":"https:\/\/establishmentlabs.com\/?page_id=9600"},"modified":"2023-07-26T15:09:49","modified_gmt":"2023-07-26T21:09:49","slug":"patents","status":"publish","type":"page","link":"https:\/\/www.establishmentlabs.com\/de\/science-based-innovation\/patents\/","title":{"rendered":"Patente"},"content":{"rendered":"<div data-elementor-type=\"wp-page\" data-elementor-id=\"9600\" class=\"elementor elementor-9600\" data-elementor-post-type=\"page\">\n\t\t\t\t\t\t\t\t\t<section class=\"elementor-section elementor-top-section elementor-element elementor-element-c05c495 elementor-section-content-middle elementor-section-full_width elementor-section-height-default elementor-section-height-default\" data-id=\"c05c495\" data-element_type=\"section\" data-settings=\"{&quot;background_background&quot;:&quot;classic&quot;}\">\n\t\t\t\t\t\t<div class=\"elementor-container elementor-column-gap-default\">\n\t\t\t\t\t<div class=\"elementor-column elementor-col-25 elementor-top-column elementor-element elementor-element-7d643da\" data-id=\"7d643da\" data-element_type=\"column\">\n\t\t\t<div class=\"elementor-widget-wrap\">\n\t\t\t\t\t\t\t\t\t<\/div>\n\t\t<\/div>\n\t\t\t\t<div class=\"elementor-column elementor-col-50 elementor-top-column elementor-element elementor-element-cd5854f\" data-id=\"cd5854f\" data-element_type=\"column\">\n\t\t\t<div class=\"elementor-widget-wrap elementor-element-populated\">\n\t\t\t\t\t\t\t\t<section class=\"elementor-section elementor-inner-section elementor-element elementor-element-48c76ea elementor-section-height-min-height elementor-section-content-middle elementor-section-boxed elementor-section-height-default\" data-id=\"48c76ea\" data-element_type=\"section\" data-settings=\"{&quot;background_background&quot;:&quot;classic&quot;}\">\n\t\t\t\t\t\t<div class=\"elementor-container elementor-column-gap-default\">\n\t\t\t\t\t<div class=\"elementor-column elementor-col-100 elementor-inner-column elementor-element elementor-element-d07450e\" data-id=\"d07450e\" data-element_type=\"column\">\n\t\t\t<div class=\"elementor-widget-wrap\">\n\t\t\t\t\t\t\t\t\t<\/div>\n\t\t<\/div>\n\t\t\t\t\t\t\t<\/div>\n\t\t<\/section>\n\t\t\t\t\t<\/div>\n\t\t<\/div>\n\t\t\t\t<div class=\"elementor-column elementor-col-25 elementor-top-column elementor-element elementor-element-4a51c24\" data-id=\"4a51c24\" data-element_type=\"column\">\n\t\t\t<div class=\"elementor-widget-wrap\">\n\t\t\t\t\t\t\t\t\t<\/div>\n\t\t<\/div>\n\t\t\t\t\t\t\t<\/div>\n\t\t<\/section>\n\t\t\t\t<section class=\"elementor-section elementor-top-section elementor-element elementor-element-f89abf6 elementor-section-full_width elementor-section-height-default elementor-section-height-default\" data-id=\"f89abf6\" data-element_type=\"section\">\n\t\t\t\t\t\t<div class=\"elementor-container elementor-column-gap-default\">\n\t\t\t\t\t<div class=\"elementor-column elementor-col-100 elementor-top-column elementor-element elementor-element-2f93027\" data-id=\"2f93027\" data-element_type=\"column\">\n\t\t\t<div class=\"elementor-widget-wrap elementor-element-populated\">\n\t\t\t\t\t\t\t\t<div class=\"elementor-element elementor-element-3728025 elementor-widget elementor-widget-spacer\" data-id=\"3728025\" data-element_type=\"widget\" data-widget_type=\"spacer.default\">\n\t\t\t\t<div class=\"elementor-widget-container\">\n\t\t\t\t\t<div class=\"elementor-spacer\">\n\t\t\t<div class=\"elementor-spacer-inner\"><\/div>\n\t\t<\/div>\n\t\t\t\t<\/div>\n\t\t\t\t<\/div>\n\t\t\t\t\t<\/div>\n\t\t<\/div>\n\t\t\t\t\t\t\t<\/div>\n\t\t<\/section>\n\t\t\t\t<section class=\"elementor-section elementor-top-section elementor-element elementor-element-d7bca39 elementor-section-full_width elementor-section-height-default elementor-section-height-default\" data-id=\"d7bca39\" data-element_type=\"section\" data-settings=\"{&quot;background_background&quot;:&quot;classic&quot;}\">\n\t\t\t\t\t\t<div class=\"elementor-container elementor-column-gap-default\">\n\t\t\t\t\t<div class=\"elementor-column elementor-col-16 elementor-top-column elementor-element elementor-element-ec28641\" data-id=\"ec28641\" data-element_type=\"column\">\n\t\t\t<div class=\"elementor-widget-wrap\">\n\t\t\t\t\t\t\t\t\t<\/div>\n\t\t<\/div>\n\t\t\t\t<div class=\"elementor-column elementor-col-66 elementor-top-column elementor-element elementor-element-5e7ebe2\" data-id=\"5e7ebe2\" data-element_type=\"column\">\n\t\t\t<div class=\"elementor-widget-wrap elementor-element-populated\">\n\t\t\t\t\t\t\t\t<div class=\"elementor-element elementor-element-b722182 elementor-widget elementor-widget-text-editor\" data-id=\"b722182\" data-element_type=\"widget\" id=\"patents-description\" data-widget_type=\"text-editor.default\">\n\t\t\t\t<div class=\"elementor-widget-container\">\n\t\t\t\t\t\t\t<p class=\"p1 translation-block\">Establishment Labs<sup>\u00ae<\/sup> verwendet eine innovative und revolution\u00e4re Technologie f\u00fcr einzigartige L\u00f6sungen zur Brustgesundheit, Brust\u00e4sthetik und Brustrekonstruktion f\u00fcr Frauen.<\/p><p class=\"p1\">Mit insgesamt 25 Erfindungen (Patentfamilien) und insgesamt 218 Anmeldungen weltweit, in 21 GERICHTSST\u00c4NDEN (USA, Kanada, Israel, China, Korea, Brasilien, Hongkong, Europa, Vereinigtes K\u00f6nigreich, Frankreich, Italien, Spanien, Deutschland, Irland, Schweiz, Belgien, Niederlande, Portugal, Schweden, Norwegen, D\u00e4nemark)<\/p><p>Zusammenfassung des Patentportfolios von ESTA (Stand: 21. November 2022):<\/p>\t\t\t\t\t\t<\/div>\n\t\t\t\t<\/div>\n\t\t\t\t\t<\/div>\n\t\t<\/div>\n\t\t\t\t<div class=\"elementor-column elementor-col-16 elementor-top-column elementor-element elementor-element-f19f9b1\" data-id=\"f19f9b1\" data-element_type=\"column\">\n\t\t\t<div class=\"elementor-widget-wrap\">\n\t\t\t\t\t\t\t\t\t<\/div>\n\t\t<\/div>\n\t\t\t\t\t\t\t<\/div>\n\t\t<\/section>\n\t\t\t\t<section class=\"elementor-section elementor-top-section elementor-element elementor-element-0cb9432 elementor-section-full_width elementor-section-height-default elementor-section-height-default\" data-id=\"0cb9432\" data-element_type=\"section\">\n\t\t\t\t\t\t<div class=\"elementor-container elementor-column-gap-default\">\n\t\t\t\t\t<div class=\"elementor-column elementor-col-16 elementor-top-column elementor-element elementor-element-daeef86\" data-id=\"daeef86\" data-element_type=\"column\">\n\t\t\t<div class=\"elementor-widget-wrap\">\n\t\t\t\t\t\t\t\t\t<\/div>\n\t\t<\/div>\n\t\t\t\t<div class=\"elementor-column elementor-col-66 elementor-top-column elementor-element elementor-element-30de4e3\" data-id=\"30de4e3\" data-element_type=\"column\">\n\t\t\t<div class=\"elementor-widget-wrap elementor-element-populated\">\n\t\t\t\t\t\t\t\t<div class=\"elementor-element elementor-element-334ea79 li-royal-gold ul-padding-20 elementor-widget elementor-widget-text-editor\" data-id=\"334ea79\" data-element_type=\"widget\" data-widget_type=\"text-editor.default\">\n\t\t\t\t<div class=\"elementor-widget-container\">\n\t\t\t\t\t\t\t<ul class=\"patents-ul\">\n\t<li class=\"patents-li translation-block\">VORRICHTUNGEN F\u00dcR DIE IMPLANTATION VON MEDIZINPRODUKTEN UND VERFAHREN ZU IHRER VERWENDUNG <span class=\"sub-content\">(umfasst: Injektor Version 1)<\/span><\/li>\n\t<li class=\"patents-li translation-block\">EINF\u00dcHRHILFEN UND VERFAHREN ZU IHRER VERWENDUNG <span class=\"sub-content\">(umfasst: Injektor Version 2)<\/span><\/li>\n\t<li class=\"patents-li translation-block\">EINF\u00dcHRHILFEN UND VERFAHREN ZU IHRER VERWENDUNG \n\t\t<span class=\"sub-content\">(umfasst: Aufblasbarer Ballon)<\/span><\/li>\n\t<li class=\"patents-li translation-block\">IMPLANTATE MIT SYMMETRISCHER FORM \n\t\t<span class=\"sub-content\">(umfasst: Diamond)<\/span><\/li>\n\t<li class=\"patents-li translation-block\">TEXTURIERTE OBERFL\u00c4CHEN F\u00dcR BRUSTIMPLANTATE  \n\t\t<span class=\"sub-content\">(umfasst: Dermale Oberfl\u00e4chen-Oberfl\u00e4chen-Technologie der Implantate)<\/span><\/li>\n\t<li class=\"patents-li translation-block\">MEDIZINISCHE IMPLANTATE UND HERSTELLUNGSMETHODEN  \n\t\t<span class=\"sub-content\">(umfasst: SilkSurface-Herstellungsprozess zur Erstellung der Oberfl\u00e4chentechnologie)<\/span><\/li>\n\t<li class=\"patents-li translation-block\">BRUSTIMPLANTATE MIT INTEGRIERTEN TRANSPONDERN \n\t\t<span class=\"sub-content\">(umfasst: Implantate mit RFID)<\/span><\/li>\n\t<li class=\"patents-li translation-block\">IMPLANTAT MIT VISUELLEM INDIKATOR EINER BARRIERE \n\t\t<span class=\"sub-content\">(umfasst: BluSeal-Barriereschicht)<\/span><\/li>\n\t<li class=\"patents-li translation-block\">HOCHTEMPERATUR-TRANSPONDER \n\t\t<span class=\"sub-content\">(umfasst: Ferrit RFID)<\/span><\/li>\n\t<li class=\"patents-li translation-block\">SCHWERKRAFTEMPFINDLICHE BRUSTIMPLANTATE AUS SILIKON \n\t\t<span class=\"sub-content\">(umfasst: Ergo)<\/span><\/li>\n\t<li class=\"patents-li translation-block\">TRANSPONDER UND SENSOREN F\u00dcR IMPLANTIERBARE MEDIZINPRODUKTE UND VERFAHREN ZU DEREN VERWENDUNG \n\t\t<span class=\"sub-content\">(umfasst: Zen-neuer Nicht-Ferrit-RFID- und Port-Locator f\u00fcr den TE)<\/span><\/li>\n\t<li class=\"patents-li translation-block\">MINIMAL INVASIVES BRUSTIMPLANTATVERFAHREN\n\t\t<span class=\"sub-content\">(umfasst: MIA-Verfahren mit Hilfe der MIA-Tools)<\/span><\/li>\n\t<li class=\"patents-li translation-block\">VORRICHTUNGEN UND VERFAHREN F\u00dcR IMPLANTATIONSVERFAHREN\n\t\t<span class=\"sub-content\">(umfasst: Verdickte Kan\u00fcle)<\/span><\/li>\n\t<li class=\"patents-li translation-block\">TEXTURIERTE OBERFL\u00c4CHEN F\u00dcR BRUSTIMPLANTATE\n\t\t<span class=\"sub-content\">(umfasst: Von ESTA noch nicht entwickelte Oberfl\u00e4chentechnologie \u2013 Adipose Surface)<\/span><\/li>\n\t<li class=\"patents-li translation-block\">BRUSTIMPLANTATE \n\t\t<span class=\"sub-content\">(umfasst: Anatomical TrueFixation und Flora v1)<\/span><\/li>\n\t<li class=\"patents-li translation-block\">GLUTEAL-IMPLANTATE \n\t\t<span class=\"sub-content\">(umfasst: GlutealArmonic)<\/span><\/li>\n\t<li class=\"patents-li translation-block\">VORRICHTUNG ZUR BEHANDLUNG VON FETTZELLEN, DIE EINER PATIENTIN GEGENOMMEN WERDEN UND F\u00dcR EINE TRANSPLANTATION VORGESEHEN SIND\n\t\t<span class=\"sub-content\">(umfasst: Thunderbird-Garona-Fetttransfersystem f\u00fcr Hybridverfahren)<\/span><\/li>\n\t<li class=\"patents-li translation-block\">VERFAHREN UND SYSTEME ZUR ERFASSUNG VON PARAMETERN IN IMPLANTIERBAREN PRODUKTEN\n\t\t<span class=\"sub-content\">(umfasst: Sensortechnologie mit RFID f\u00fcr Gewebeexpander und Implantate)<\/span><\/li>\n\t<li class=\"patents-li translation-block\">INJEKTIONSANSCHLUSSANORDNUNGEN F\u00dcR GEWEBEEXPANDER UND VERWANDTE VORRICHTUNGEN UND VERFAHREN \n\t\t<span class=\"sub-content\">(umfasst: Portbaugruppen, die n\u00fctzlich sind, um den Zugang zu einem medizinischen Implantat zu erm\u00f6glichen und\/oder die Position und\/oder Ausrichtung des Implantats im Inneren einer Patientin zu bestimmen)<\/span><\/li>\n\t<li class=\"patents-li translation-block\">GEWEBEEXPANDER UND VERFAHREN ZU IHRER VERWENDUNG\n\t\t<span class=\"sub-content\">(umfasst: Gewebeexpander v.1 mit Rillen f\u00fcr gleichm\u00e4\u00dfige Expansion)<\/span><\/li>\n\t<li class=\"patents-li translation-block\">GER\u00dcST F\u00dcR IMPLANTIERBARE MEDIZINPRODUKTE UND VERFAHREN ZU DEREN VERWENDUNG\n\t\t<span class=\"sub-content\">(umfasst: Stabilisierungstechnologie f\u00fcr Implantate mithilfe eines biokompatiblen Ger\u00fcsts)<\/span><\/li>\n\t<li class=\"patents-li translation-block\">MEDIZINISCHE BILDGEBUNGSSYSTEME, GER\u00c4TE UND METHODEN \n\t\t<span class=\"sub-content\">(umfasst: Divina v.1-Scanner zur Erstellung einer 3D-Bildgebung eines m\u00f6glichen Operationsergebnisses)<\/span><\/li>\n\t<li class=\"patents-li translation-block\">SYSTEME UND METHODEN ZUR VERARBEITUNG ELEKTRONISCHER BILDER ZUR BESTIMMUNG EINES MODIFIZIERTEN ELEKTRONISCHEN BILDES F\u00dcR BRUSTBEHANDLUNGEN \n\t\t<span class=\"sub-content\">(umfasst: Divina v.2-Scanner zur Erstellung einer 3D-Bildgebung eines m\u00f6glichen Operationsergebnisses)<\/span><\/li>\n\t<li class=\"patents-li translation-block\">SYSTEME UND METHODEN ZUR SIMULATION UND MODELLIERUNG KOMBINIERTER VERGR\u00d6\u00dfERUNGSVERFAHREN \n\t\t<span class=\"sub-content\">(umfasst: MotivaHybrid-Scanner zur Erstellung einer 3D-Abbildung eines m\u00f6glichen Operationsergebnisses unter Verwendung der vorgeschlagenen Implantatgr\u00f6\u00dfe in Kombination mit vorgeschlagenem Sekund\u00e4rmaterial wie Fett)<\/span><\/li>\n\t<li class=\"patents-li translation-block\">SYSTEME UND VERFAHREN ZUR \u00dcBERWACHUNG VON BRUSTIMPLANTATEN \n\t\t<span class=\"sub-content\">(umfasst: Ruptur-Erkennungssystem mit Ultraschall)<\/span><\/li>\n<\/ul>\t\t\t\t\t\t<\/div>\n\t\t\t\t<\/div>\n\t\t\t\t\t<\/div>\n\t\t<\/div>\n\t\t\t\t<div class=\"elementor-column elementor-col-16 elementor-top-column elementor-element elementor-element-b91d3e4\" data-id=\"b91d3e4\" data-element_type=\"column\">\n\t\t\t<div class=\"elementor-widget-wrap\">\n\t\t\t\t\t\t\t\t\t<\/div>\n\t\t<\/div>\n\t\t\t\t\t\t\t<\/div>\n\t\t<\/section>\n\t\t\t\t\t\t\t<\/div>","protected":false},"excerpt":{"rendered":"<p>Establishment Labs\u00ae\u202futilizes a breakthrough, first-of-their-kind technology to provide women with unique solutions for breast health, breast aesthetic, and breast reconstruction. For a total of 25 INVENTIONS (patent families), and a total of 218 APPLICATIONS globally, in 21 JURISDICTIONS (USA, Canada, Israel, China, Korea, Brazil, Hong Kong, Europe, United Kingdom, France, Italy, Spain, Germany, Ireland, Switzerland, [&#8230;]<\/p>\n<p><a class=\"btn btn-secondary understrap-read-more-link\" href=\"https:\/\/www.establishmentlabs.com\/de\/science-based-innovation\/patents\/\">Weiterlesen&#8230;<\/a><\/p>","protected":false},"author":7,"featured_media":0,"parent":9697,"menu_order":0,"comment_status":"closed","ping_status":"closed","template":"page-templates\/science_based_innovation_submenu.php","meta":{"footnotes":""},"class_list":["post-9600","page","type-page","status-publish","hentry"],"acf":[],"aioseo_notices":[],"_links":{"self":[{"href":"https:\/\/www.establishmentlabs.com\/de\/wp-json\/wp\/v2\/pages\/9600","targetHints":{"allow":["GET"]}}],"collection":[{"href":"https:\/\/www.establishmentlabs.com\/de\/wp-json\/wp\/v2\/pages"}],"about":[{"href":"https:\/\/www.establishmentlabs.com\/de\/wp-json\/wp\/v2\/types\/page"}],"author":[{"embeddable":true,"href":"https:\/\/www.establishmentlabs.com\/de\/wp-json\/wp\/v2\/users\/7"}],"replies":[{"embeddable":true,"href":"https:\/\/www.establishmentlabs.com\/de\/wp-json\/wp\/v2\/comments?post=9600"}],"version-history":[{"count":105,"href":"https:\/\/www.establishmentlabs.com\/de\/wp-json\/wp\/v2\/pages\/9600\/revisions"}],"predecessor-version":[{"id":17218,"href":"https:\/\/www.establishmentlabs.com\/de\/wp-json\/wp\/v2\/pages\/9600\/revisions\/17218"}],"up":[{"embeddable":true,"href":"https:\/\/www.establishmentlabs.com\/de\/wp-json\/wp\/v2\/pages\/9697"}],"wp:attachment":[{"href":"https:\/\/www.establishmentlabs.com\/de\/wp-json\/wp\/v2\/media?parent=9600"}],"curies":[{"name":"wp","href":"https:\/\/api.w.org\/{rel}","templated":true}]}}