{"id":8878,"date":"2022-11-07T16:27:37","date_gmt":"2022-11-07T21:27:37","guid":{"rendered":"https:\/\/establishmentlabs.com\/?page_id=8878"},"modified":"2023-07-26T14:27:34","modified_gmt":"2023-07-26T20:27:34","slug":"patient-advocacy","status":"publish","type":"page","link":"https:\/\/www.establishmentlabs.com\/es\/our-impact\/patient-advocacy\/","title":{"rendered":"Defensa del Paciente"},"content":{"rendered":"<div data-elementor-type=\"wp-page\" data-elementor-id=\"8878\" class=\"elementor elementor-8878\" data-elementor-post-type=\"page\">\n\t\t\t\t\t\t\t\t\t<section class=\"elementor-section elementor-top-section elementor-element elementor-element-00a3239 elementor-section-full_width elementor-section-stretched elementor-section-height-default elementor-section-height-default\" data-id=\"00a3239\" data-element_type=\"section\" data-settings=\"{&quot;stretch_section&quot;:&quot;section-stretched&quot;,&quot;background_background&quot;:&quot;classic&quot;}\">\n\t\t\t\t\t\t<div class=\"elementor-container elementor-column-gap-no\">\n\t\t\t\t\t<div class=\"elementor-column elementor-col-25 elementor-top-column elementor-element elementor-element-fb0c2ba\" data-id=\"fb0c2ba\" data-element_type=\"column\">\n\t\t\t<div class=\"elementor-widget-wrap\">\n\t\t\t\t\t\t\t\t\t<\/div>\n\t\t<\/div>\n\t\t\t\t<div class=\"elementor-column elementor-col-50 elementor-top-column elementor-element elementor-element-c5ad532\" data-id=\"c5ad532\" data-element_type=\"column\">\n\t\t\t<div class=\"elementor-widget-wrap elementor-element-populated\">\n\t\t\t\t\t\t\t\t<section class=\"elementor-section elementor-inner-section elementor-element elementor-element-a1cdbc9 elementor-section-full_width elementor-section-height-min-height elementor-section-content-middle elementor-section-height-default\" data-id=\"a1cdbc9\" data-element_type=\"section\" data-settings=\"{&quot;background_background&quot;:&quot;classic&quot;}\">\n\t\t\t\t\t\t<div class=\"elementor-container elementor-column-gap-default\">\n\t\t\t\t\t<div class=\"elementor-column elementor-col-100 elementor-inner-column elementor-element elementor-element-9af9ac4\" data-id=\"9af9ac4\" data-element_type=\"column\">\n\t\t\t<div class=\"elementor-widget-wrap\">\n\t\t\t\t\t\t\t\t\t<\/div>\n\t\t<\/div>\n\t\t\t\t\t\t\t<\/div>\n\t\t<\/section>\n\t\t\t\t\t<\/div>\n\t\t<\/div>\n\t\t\t\t<div class=\"elementor-column elementor-col-25 elementor-top-column elementor-element elementor-element-c51bf8e\" data-id=\"c51bf8e\" data-element_type=\"column\">\n\t\t\t<div class=\"elementor-widget-wrap\">\n\t\t\t\t\t\t\t\t\t<\/div>\n\t\t<\/div>\n\t\t\t\t\t\t\t<\/div>\n\t\t<\/section>\n\t\t\t\t<section class=\"elementor-section elementor-top-section elementor-element elementor-element-60ccc09 elementor-section-full_width elementor-section-height-default elementor-section-height-default\" data-id=\"60ccc09\" data-element_type=\"section\">\n\t\t\t\t\t\t<div class=\"elementor-container elementor-column-gap-default\">\n\t\t\t\t\t<div class=\"elementor-column elementor-col-100 elementor-top-column elementor-element elementor-element-2b0d5f8\" data-id=\"2b0d5f8\" data-element_type=\"column\">\n\t\t\t<div class=\"elementor-widget-wrap elementor-element-populated\">\n\t\t\t\t\t\t\t\t<div class=\"elementor-element elementor-element-7660ec2 elementor-widget elementor-widget-spacer\" data-id=\"7660ec2\" data-element_type=\"widget\" data-widget_type=\"spacer.default\">\n\t\t\t\t<div class=\"elementor-widget-container\">\n\t\t\t\t\t<div class=\"elementor-spacer\">\n\t\t\t<div class=\"elementor-spacer-inner\"><\/div>\n\t\t<\/div>\n\t\t\t\t<\/div>\n\t\t\t\t<\/div>\n\t\t\t\t\t<\/div>\n\t\t<\/div>\n\t\t\t\t\t\t\t<\/div>\n\t\t<\/section>\n\t\t\t\t<section class=\"elementor-section elementor-top-section elementor-element elementor-element-702a773 elementor-section-full_width elementor-section-height-default elementor-section-height-default\" data-id=\"702a773\" data-element_type=\"section\">\n\t\t\t\t\t\t<div class=\"elementor-container elementor-column-gap-default\">\n\t\t\t\t\t<div class=\"elementor-column elementor-col-16 elementor-top-column elementor-element elementor-element-d2c0b92\" data-id=\"d2c0b92\" data-element_type=\"column\">\n\t\t\t<div class=\"elementor-widget-wrap\">\n\t\t\t\t\t\t\t\t\t<\/div>\n\t\t<\/div>\n\t\t\t\t<div class=\"elementor-column elementor-col-66 elementor-top-column elementor-element elementor-element-eb24f4d\" data-id=\"eb24f4d\" data-element_type=\"column\">\n\t\t\t<div class=\"elementor-widget-wrap elementor-element-populated\">\n\t\t\t\t\t\t\t\t<div class=\"elementor-element elementor-element-62a9cde elementor-widget elementor-widget-heading\" data-id=\"62a9cde\" data-element_type=\"widget\" data-widget_type=\"heading.default\">\n\t\t\t\t<div class=\"elementor-widget-container\">\n\t\t\t<h1 class=\"elementor-heading-title elementor-size-default translation-block\">PRIORIZAR A LAS <span class=\"text-royal-gold\">MUJERES<\/span><\/h1>\t\t<\/div>\n\t\t\t\t<\/div>\n\t\t\t\t<div class=\"elementor-element elementor-element-e89190f elementor-widget elementor-widget-text-editor\" data-id=\"e89190f\" data-element_type=\"widget\" id=\"patient-advocacy-description\" data-widget_type=\"text-editor.default\">\n\t\t\t\t<div class=\"elementor-widget-container\">\n\t\t\t\t\t\t\t<p class=\" translation-block\">En Establishment Labs<sup>\u00ae<\/sup>, aceptamos nuestro rol en la defensa de los derechos de las pacientes y la calidad de vida y salud de las mujeres. Entendemos que se necesita un enfoque integral e intencionado para impulsar un cambio significativo en la salud de la mujer en lo que respecta al cuidado y la seguridad de la paciente a trav\u00e9s de la concientizaci\u00f3n, la informaci\u00f3n y las opciones.<\/p><p class=\"p1 translation-block\">Nuestros esfuerzos responden a una estrategia basada en tres pilares: la seguridad de la paciente, la salud de la mujer y Femtech, y la defensa tradicional. Nuestro objetivo es trabajar con mujeres, pacientes, profesionales de la salud, empresas y gobiernos para crear redes que promuevan la normalizaci\u00f3n de la est\u00e9tica mamaria y la concientizaci\u00f3n sobre el c\u00e1ncer de mama, empezando por la autoexploraci\u00f3n y a lo largo de todo el proceso de salud mamaria, incluidas las reconstrucciones mamarias posteriores a una mastectom\u00eda.<\/p>\t\t\t\t\t\t<\/div>\n\t\t\t\t<\/div>\n\t\t\t\t\t<\/div>\n\t\t<\/div>\n\t\t\t\t<div class=\"elementor-column elementor-col-16 elementor-top-column elementor-element elementor-element-6825e5a\" data-id=\"6825e5a\" data-element_type=\"column\">\n\t\t\t<div class=\"elementor-widget-wrap\">\n\t\t\t\t\t\t\t\t\t<\/div>\n\t\t<\/div>\n\t\t\t\t\t\t\t<\/div>\n\t\t<\/section>\n\t\t\t\t\t\t\t<\/div>","protected":false},"excerpt":{"rendered":"<p>Putting Women First Always At Establishment Labs\u00ae, we embrace our role in advocating for patients\u2019 rights and women\u2019s quality of life and health. We understand that it takes a comprehensive and intentional approach to drive meaningful change for women\u2019s health in patient care and safety through awareness, information, and options. Our efforts are based on [&#8230;]<\/p>\n<p><a class=\"btn btn-secondary understrap-read-more-link\" href=\"https:\/\/www.establishmentlabs.com\/es\/our-impact\/patient-advocacy\/\">Leer m\u00e1s&#8230;<\/a><\/p>","protected":false},"author":8,"featured_media":0,"parent":8718,"menu_order":0,"comment_status":"closed","ping_status":"closed","template":"page-templates\/sustainability_submenu.php","meta":{"footnotes":""},"class_list":["post-8878","page","type-page","status-publish","hentry"],"acf":[],"aioseo_notices":[],"_links":{"self":[{"href":"https:\/\/www.establishmentlabs.com\/es\/wp-json\/wp\/v2\/pages\/8878","targetHints":{"allow":["GET"]}}],"collection":[{"href":"https:\/\/www.establishmentlabs.com\/es\/wp-json\/wp\/v2\/pages"}],"about":[{"href":"https:\/\/www.establishmentlabs.com\/es\/wp-json\/wp\/v2\/types\/page"}],"author":[{"embeddable":true,"href":"https:\/\/www.establishmentlabs.com\/es\/wp-json\/wp\/v2\/users\/8"}],"replies":[{"embeddable":true,"href":"https:\/\/www.establishmentlabs.com\/es\/wp-json\/wp\/v2\/comments?post=8878"}],"version-history":[{"count":115,"href":"https:\/\/www.establishmentlabs.com\/es\/wp-json\/wp\/v2\/pages\/8878\/revisions"}],"predecessor-version":[{"id":17202,"href":"https:\/\/www.establishmentlabs.com\/es\/wp-json\/wp\/v2\/pages\/8878\/revisions\/17202"}],"up":[{"embeddable":true,"href":"https:\/\/www.establishmentlabs.com\/es\/wp-json\/wp\/v2\/pages\/8718"}],"wp:attachment":[{"href":"https:\/\/www.establishmentlabs.com\/es\/wp-json\/wp\/v2\/media?parent=8878"}],"curies":[{"name":"wp","href":"https:\/\/api.w.org\/{rel}","templated":true}]}}