{"id":9600,"date":"2022-11-24T11:24:17","date_gmt":"2022-11-24T16:24:17","guid":{"rendered":"https:\/\/establishmentlabs.com\/?page_id=9600"},"modified":"2023-07-26T15:09:49","modified_gmt":"2023-07-26T21:09:49","slug":"patents","status":"publish","type":"page","link":"https:\/\/www.establishmentlabs.com\/es\/science-based-innovation\/patents\/","title":{"rendered":"Patentes"},"content":{"rendered":"<div data-elementor-type=\"wp-page\" data-elementor-id=\"9600\" class=\"elementor elementor-9600\" data-elementor-post-type=\"page\">\n\t\t\t\t\t\t\t\t\t<section class=\"elementor-section elementor-top-section elementor-element elementor-element-c05c495 elementor-section-content-middle elementor-section-full_width elementor-section-height-default elementor-section-height-default\" data-id=\"c05c495\" data-element_type=\"section\" data-settings=\"{&quot;background_background&quot;:&quot;classic&quot;}\">\n\t\t\t\t\t\t<div class=\"elementor-container elementor-column-gap-default\">\n\t\t\t\t\t<div class=\"elementor-column elementor-col-25 elementor-top-column elementor-element elementor-element-7d643da\" data-id=\"7d643da\" data-element_type=\"column\">\n\t\t\t<div class=\"elementor-widget-wrap\">\n\t\t\t\t\t\t\t\t\t<\/div>\n\t\t<\/div>\n\t\t\t\t<div class=\"elementor-column elementor-col-50 elementor-top-column elementor-element elementor-element-cd5854f\" data-id=\"cd5854f\" data-element_type=\"column\">\n\t\t\t<div class=\"elementor-widget-wrap elementor-element-populated\">\n\t\t\t\t\t\t\t\t<section class=\"elementor-section elementor-inner-section elementor-element elementor-element-48c76ea elementor-section-height-min-height elementor-section-content-middle elementor-section-boxed elementor-section-height-default\" data-id=\"48c76ea\" data-element_type=\"section\" data-settings=\"{&quot;background_background&quot;:&quot;classic&quot;}\">\n\t\t\t\t\t\t<div class=\"elementor-container elementor-column-gap-default\">\n\t\t\t\t\t<div class=\"elementor-column elementor-col-100 elementor-inner-column elementor-element elementor-element-d07450e\" data-id=\"d07450e\" data-element_type=\"column\">\n\t\t\t<div class=\"elementor-widget-wrap\">\n\t\t\t\t\t\t\t\t\t<\/div>\n\t\t<\/div>\n\t\t\t\t\t\t\t<\/div>\n\t\t<\/section>\n\t\t\t\t\t<\/div>\n\t\t<\/div>\n\t\t\t\t<div class=\"elementor-column elementor-col-25 elementor-top-column elementor-element elementor-element-4a51c24\" data-id=\"4a51c24\" data-element_type=\"column\">\n\t\t\t<div class=\"elementor-widget-wrap\">\n\t\t\t\t\t\t\t\t\t<\/div>\n\t\t<\/div>\n\t\t\t\t\t\t\t<\/div>\n\t\t<\/section>\n\t\t\t\t<section class=\"elementor-section elementor-top-section elementor-element elementor-element-f89abf6 elementor-section-full_width elementor-section-height-default elementor-section-height-default\" data-id=\"f89abf6\" data-element_type=\"section\">\n\t\t\t\t\t\t<div class=\"elementor-container elementor-column-gap-default\">\n\t\t\t\t\t<div class=\"elementor-column elementor-col-100 elementor-top-column elementor-element elementor-element-2f93027\" data-id=\"2f93027\" data-element_type=\"column\">\n\t\t\t<div class=\"elementor-widget-wrap elementor-element-populated\">\n\t\t\t\t\t\t\t\t<div class=\"elementor-element elementor-element-3728025 elementor-widget elementor-widget-spacer\" data-id=\"3728025\" data-element_type=\"widget\" data-widget_type=\"spacer.default\">\n\t\t\t\t<div class=\"elementor-widget-container\">\n\t\t\t\t\t<div class=\"elementor-spacer\">\n\t\t\t<div class=\"elementor-spacer-inner\"><\/div>\n\t\t<\/div>\n\t\t\t\t<\/div>\n\t\t\t\t<\/div>\n\t\t\t\t\t<\/div>\n\t\t<\/div>\n\t\t\t\t\t\t\t<\/div>\n\t\t<\/section>\n\t\t\t\t<section class=\"elementor-section elementor-top-section elementor-element elementor-element-d7bca39 elementor-section-full_width elementor-section-height-default elementor-section-height-default\" data-id=\"d7bca39\" data-element_type=\"section\" data-settings=\"{&quot;background_background&quot;:&quot;classic&quot;}\">\n\t\t\t\t\t\t<div class=\"elementor-container elementor-column-gap-default\">\n\t\t\t\t\t<div class=\"elementor-column elementor-col-16 elementor-top-column elementor-element elementor-element-ec28641\" data-id=\"ec28641\" data-element_type=\"column\">\n\t\t\t<div class=\"elementor-widget-wrap\">\n\t\t\t\t\t\t\t\t\t<\/div>\n\t\t<\/div>\n\t\t\t\t<div class=\"elementor-column elementor-col-66 elementor-top-column elementor-element elementor-element-5e7ebe2\" data-id=\"5e7ebe2\" data-element_type=\"column\">\n\t\t\t<div class=\"elementor-widget-wrap elementor-element-populated\">\n\t\t\t\t\t\t\t\t<div class=\"elementor-element elementor-element-b722182 elementor-widget elementor-widget-text-editor\" data-id=\"b722182\" data-element_type=\"widget\" id=\"patents-description\" data-widget_type=\"text-editor.default\">\n\t\t\t\t<div class=\"elementor-widget-container\">\n\t\t\t\t\t\t\t<p class=\"p1 translation-block\">Con una tecnolog\u00eda innovadora y pionera, Establishment Labs<sup>\u00ae<\/sup> ofrece a las mujeres soluciones \u00fanicas para la salud, la est\u00e9tica y la reconstrucci\u00f3n mamarias.<\/p><p class=\"p1\">Para un total de 25 INVENCIONES (familias de patentes), y 218 SOLICITUDES en todo el mundo, en 21 JURISDICCIONES (EE. UU., Canad\u00e1, Israel, China, Corea, Brasil, Hong Kong, Europa, Reino Unido, Francia, Italia, Espa\u00f1a, Alemania, Irlanda, Suiza, B\u00e9lgica, Pa\u00edses Bajos, Portugal, Suecia, Noruega y Dinamarca)<\/p><p>Resumen de la cartera de patentes de ESTA (al 21 de noviembre de 2022):<\/p>\t\t\t\t\t\t<\/div>\n\t\t\t\t<\/div>\n\t\t\t\t\t<\/div>\n\t\t<\/div>\n\t\t\t\t<div class=\"elementor-column elementor-col-16 elementor-top-column elementor-element elementor-element-f19f9b1\" data-id=\"f19f9b1\" data-element_type=\"column\">\n\t\t\t<div class=\"elementor-widget-wrap\">\n\t\t\t\t\t\t\t\t\t<\/div>\n\t\t<\/div>\n\t\t\t\t\t\t\t<\/div>\n\t\t<\/section>\n\t\t\t\t<section class=\"elementor-section elementor-top-section elementor-element elementor-element-0cb9432 elementor-section-full_width elementor-section-height-default elementor-section-height-default\" data-id=\"0cb9432\" data-element_type=\"section\">\n\t\t\t\t\t\t<div class=\"elementor-container elementor-column-gap-default\">\n\t\t\t\t\t<div class=\"elementor-column elementor-col-16 elementor-top-column elementor-element elementor-element-daeef86\" data-id=\"daeef86\" data-element_type=\"column\">\n\t\t\t<div class=\"elementor-widget-wrap\">\n\t\t\t\t\t\t\t\t\t<\/div>\n\t\t<\/div>\n\t\t\t\t<div class=\"elementor-column elementor-col-66 elementor-top-column elementor-element elementor-element-30de4e3\" data-id=\"30de4e3\" data-element_type=\"column\">\n\t\t\t<div class=\"elementor-widget-wrap elementor-element-populated\">\n\t\t\t\t\t\t\t\t<div class=\"elementor-element elementor-element-334ea79 li-royal-gold ul-padding-20 elementor-widget elementor-widget-text-editor\" data-id=\"334ea79\" data-element_type=\"widget\" data-widget_type=\"text-editor.default\">\n\t\t\t\t<div class=\"elementor-widget-container\">\n\t\t\t\t\t\t\t<ul class=\"patents-ul\">\n\t<li class=\"patents-li translation-block\">APARATOS PARA LA IMPLANTACI\u00d3N DE DISPOSITIVOS M\u00c9DICOS Y M\u00c9TODOS PARA SU UTILIZACI\u00d3N <span class=\"sub-content\">(incluye: inyector, versi\u00f3n 1)<\/span><\/li>\n\t<li class=\"patents-li translation-block\">\u2022\tDISPOSITIVOS DE INTRODUCCI\u00d3N Y M\u00c9TODOS PARA SU UTILIZACI\u00d3N <span class=\"sub-content\">(incluye: inyector, versi\u00f3n 2)<\/span><\/li>\n\t<li class=\"patents-li translation-block\">DISPOSITIVOS DE INSERCI\u00d3N Y M\u00c9TODOS PARA SU UTILIZACI\u00d3N <span class=\"sub-content\">(incluye: bal\u00f3n inflable)<\/span><\/li>\n\t<li class=\"patents-li translation-block\">IMPLANTES CON FORMA SIM\u00c9TRICA <span class=\"sub-content\">(incluye: diamante)<\/span><\/li>\n\t<li class=\"patents-li translation-block\">SUPERFICIES TEXTURIZADAS PARA IMPLANTES MAMARIOS <span class=\"sub-content\">(incluye: superficie d\u00e9rmica: tecnolog\u00eda de la superficie de los implantes)<\/li>\n\t<li class=\"patents-li translation-block\">IMPLANTES M\u00c9DICOS Y M\u00c9TODOS DE PREPARACI\u00d3N <span class=\"sub-content\">(incluye: SilkSurface: proceso de fabricaci\u00f3n para crear la tecnolog\u00eda de superficie)<\/span><\/li>\n\t<li class=\"patents-li translation-block\">IMPLANTES MAMARIOS CON TRANSPONDEDORES INTEGRADOS <span class=\"sub-content\">(incluye: implantes con RFID)<\/span><\/li>\n\t<li class=\"patents-li translation-block\">IMPLANTE CON INDICADOR VISUAL DE BARRERA <span class=\"sub-content\">(incluye: BluSeal: capa de barrera)<\/span><\/li>\n\t<li class=\"patents-li translation-block\">TRANSPONDEDORES DE ALTA TEMPERATURA <span class=\"sub-content\">(incluye: ferrita con RFID)<\/span><\/li>\n\t<li class=\"patents-li translation-block\">IMPLANTES MAMARIOS DE SILICONA SENSIBLES A LA GRAVEDAD <span class=\"sub-content\">(incluye: ergonom\u00eda)<\/span><\/li>\n\t<li class=\"patents-li translation-block\">TRANSPONDEDORES Y SENSORES PARA DISPOSITIVOS M\u00c9DICOS IMPLANTABLES Y M\u00c9TODOS PARA SU UTILIZACI\u00d3N <span class=\"sub-content\">(incluye: Zen: nuevo localizador de puertos y RFID sin ferrita para el expansor tisular)<\/span><\/li>\n\t<li class=\"patents-li translation-block\">PROCEDIMIENTO DE IMPLANTE MAMARIO M\u00cdNIMAMENTE INVASIVO <span class=\"sub-content\">(incluye: procedimiento MIA con ayuda de las herramientas MIA)<\/span><\/li>\n\t<li class=\"patents-li translation-block\">DISPOSITIVOS Y M\u00c9TODOS PARA PROCEDIMIENTOS DE IMPLANTACI\u00d3N <span class=\"sub-content\">(incluye: c\u00e1nula de punta bulbosa)<\/span><\/li>\n\t<li class=\"patents-li translation-block\">SUPERFICIES TEXTURIZADAS PARA IMPLANTES MAMARIOS <span class=\"sub-content\">(incluye: tecnolog\u00eda de superficie a\u00fan no desarrollada por ESTA: superficie adiposa)<\/span><\/li>\n\t<li class=\"patents-li translation-block\">IMPLANTE MAMARIO <span class=\"sub-content\">(incluye: Anatomical TrueFixation y Flora versi\u00f3n 1)<\/span><\/li>\n\t<li class=\"patents-li translation-block\">IMPLANTE DE GL\u00daTEO <span class=\"sub-content\">(incluye: GlutealArmonic)<\/span><\/li>\n\t<li class=\"patents-li translation-block\">DISPOSITIVO PARA TRATAMIENTO DE C\u00c9LULAS GRASAS TOMADAS DE UN PACIENTE Y DESTINADAS A UNA TRASPLANTE <span class=\"sub-content\">(incluye: sistema de transferencia de grasa Thunderbird-Garona para procedimientos h\u00edbridos)<\/span><\/li>\n\t<li class=\"patents-li translation-block\">M\u00c9TODOS Y SISTEMAS PARA LA DETECCI\u00d3N DE PAR\u00c1METROS EN DISPOSITIVOS IMPLANTABLES <span class=\"sub-content\">(incluye: tecnolog\u00eda de detecci\u00f3n mediante RFID para expansores tisulares e implantes)<\/span><\/li>\n\t<li class=\"patents-li translation-block\">CONJUNTOS DE PUERTOS DE INYECCI\u00d3N PARA EXPANSORES TISULARES Y DISPOSITIVOS RELACIONADOS Y M\u00c9TODOS <span class=\"sub-content\">(incluye: montajes de puertos \u00fatiles para proporcionar acceso a un implante m\u00e9dico o determinar la ubicaci\u00f3n o la orientaci\u00f3n del implante en el interior de una paciente)<\/span><\/li>\n\t<li class=\"patents-li translation-block\">EXPANSORES TISULARES Y M\u00c9TODOS PARA SU UTILIZACI\u00d3N <span class=\"sub-content\">(incluye: expansor tisular versi\u00f3n 1 con crestas para una expansi\u00f3n uniforme)<\/span><\/li>\n\t<li class=\"patents-li translation-block\">ESTABILIZACI\u00d3N PARA DISPOSITIVOS M\u00c9DICOS IMPLANTABLES Y M\u00c9TODOS PARA SU UTILIZACI\u00d3N <span class=\"sub-content\">(incluye: tecnolog\u00eda de estabilizaci\u00f3n de implantes mediante andamiaje biocompatible)<\/span><\/li>\n\t<li class=\"patents-li translation-block\">SISTEMAS, DISPOSITIVOS Y M\u00c9TODOS DE OBTENCI\u00d3N DE IM\u00c1GENES M\u00c9DICAS <span class=\"sub-content\">(incluye: Divina versi\u00f3n 1: esc\u00e1ner para crear im\u00e1genes 3D de un posible resultado quir\u00fargico)<\/span><\/li>\n\t<li class=\"patents-li translation-block\">SISTEMAS Y M\u00c9TODOS DE PROCESAMIENTO DE IM\u00c1GENES ELECTR\u00d3NICAS PARA DETERMINAR UNA IMAGEN ELECTR\u00d3NICA MODIFICADA PARA LOS PROCEDIMIENTOS MAMARIOS <span class=\"sub-content\">(incluye: Divina versi\u00f3n 2: esc\u00e1ner para crear im\u00e1genes 3D de un posible resultado quir\u00fargico)<\/span><\/li>\n\t<li class=\"patents-li translation-block\">SISTEMAS Y M\u00c9TODOS PARA LA SIMULACI\u00d3N Y EL MODELADO DE PROCEDIMIENTOS COMBINADOS DE AUMENTO MAMARIO <span class=\"sub-content\">(incluye: MotivaHybrid: esc\u00e1ner para crear im\u00e1genes 3D de un posible resultado quir\u00fargico utilizando el tama\u00f1o de implante propuesto en combinaci\u00f3n con el material secundario propuesto, como la grasa)<\/span><\/li>\n\t<li class=\"patents-li translation-block\">SISTEMAS Y M\u00c9TODOS DE CONTROL DE IMPLANTES MAMARIOS <span class=\"sub-content\">(incluye: sistema de detecci\u00f3n de roturas mediante ultrasonidos)<\/span><\/li>\n<\/ul>\t\t\t\t\t\t<\/div>\n\t\t\t\t<\/div>\n\t\t\t\t\t<\/div>\n\t\t<\/div>\n\t\t\t\t<div class=\"elementor-column elementor-col-16 elementor-top-column elementor-element elementor-element-b91d3e4\" data-id=\"b91d3e4\" data-element_type=\"column\">\n\t\t\t<div class=\"elementor-widget-wrap\">\n\t\t\t\t\t\t\t\t\t<\/div>\n\t\t<\/div>\n\t\t\t\t\t\t\t<\/div>\n\t\t<\/section>\n\t\t\t\t\t\t\t<\/div>","protected":false},"excerpt":{"rendered":"<p>Establishment Labs\u00ae\u202futilizes a breakthrough, first-of-their-kind technology to provide women with unique solutions for breast health, breast aesthetic, and breast reconstruction. For a total of 25 INVENTIONS (patent families), and a total of 218 APPLICATIONS globally, in 21 JURISDICTIONS (USA, Canada, Israel, China, Korea, Brazil, Hong Kong, Europe, United Kingdom, France, Italy, Spain, Germany, Ireland, Switzerland, [&#8230;]<\/p>\n<p><a class=\"btn btn-secondary understrap-read-more-link\" href=\"https:\/\/www.establishmentlabs.com\/es\/science-based-innovation\/patents\/\">Leer m\u00e1s&#8230;<\/a><\/p>","protected":false},"author":7,"featured_media":0,"parent":9697,"menu_order":0,"comment_status":"closed","ping_status":"closed","template":"page-templates\/science_based_innovation_submenu.php","meta":{"footnotes":""},"class_list":["post-9600","page","type-page","status-publish","hentry"],"acf":[],"aioseo_notices":[],"_links":{"self":[{"href":"https:\/\/www.establishmentlabs.com\/es\/wp-json\/wp\/v2\/pages\/9600","targetHints":{"allow":["GET"]}}],"collection":[{"href":"https:\/\/www.establishmentlabs.com\/es\/wp-json\/wp\/v2\/pages"}],"about":[{"href":"https:\/\/www.establishmentlabs.com\/es\/wp-json\/wp\/v2\/types\/page"}],"author":[{"embeddable":true,"href":"https:\/\/www.establishmentlabs.com\/es\/wp-json\/wp\/v2\/users\/7"}],"replies":[{"embeddable":true,"href":"https:\/\/www.establishmentlabs.com\/es\/wp-json\/wp\/v2\/comments?post=9600"}],"version-history":[{"count":105,"href":"https:\/\/www.establishmentlabs.com\/es\/wp-json\/wp\/v2\/pages\/9600\/revisions"}],"predecessor-version":[{"id":17218,"href":"https:\/\/www.establishmentlabs.com\/es\/wp-json\/wp\/v2\/pages\/9600\/revisions\/17218"}],"up":[{"embeddable":true,"href":"https:\/\/www.establishmentlabs.com\/es\/wp-json\/wp\/v2\/pages\/9697"}],"wp:attachment":[{"href":"https:\/\/www.establishmentlabs.com\/es\/wp-json\/wp\/v2\/media?parent=9600"}],"curies":[{"name":"wp","href":"https:\/\/api.w.org\/{rel}","templated":true}]}}