{"id":15345,"date":"2023-03-20T09:39:30","date_gmt":"2023-03-20T15:39:30","guid":{"rendered":"https:\/\/esta-test.click\/?page_id=15345"},"modified":"2023-07-26T14:47:30","modified_gmt":"2023-07-26T20:47:30","slug":"breast-harmonization","status":"publish","type":"page","link":"https:\/\/www.establishmentlabs.com\/fr\/femtech-innovation\/breast-harmonization\/","title":{"rendered":"Harmonisation Mammaire"},"content":{"rendered":"<div data-elementor-type=\"wp-page\" data-elementor-id=\"15345\" class=\"elementor elementor-15345\" data-elementor-post-type=\"page\">\n\t\t\t\t\t\t\t\t\t<section class=\"elementor-section elementor-top-section elementor-element elementor-element-df4c6c6 elementor-section-full_width elementor-section-height-default elementor-section-height-default\" data-id=\"df4c6c6\" data-element_type=\"section\">\n\t\t\t\t\t\t<div class=\"elementor-container elementor-column-gap-default\">\n\t\t\t\t\t<div class=\"elementor-column elementor-col-100 elementor-top-column elementor-element elementor-element-92aafea\" data-id=\"92aafea\" data-element_type=\"column\">\n\t\t\t<div class=\"elementor-widget-wrap elementor-element-populated\">\n\t\t\t\t\t\t\t\t<div class=\"elementor-element elementor-element-e65ab95 elementor-widget elementor-widget-spacer\" data-id=\"e65ab95\" data-element_type=\"widget\" data-widget_type=\"spacer.default\">\n\t\t\t\t<div class=\"elementor-widget-container\">\n\t\t\t\t\t<div class=\"elementor-spacer\">\n\t\t\t<div class=\"elementor-spacer-inner\"><\/div>\n\t\t<\/div>\n\t\t\t\t<\/div>\n\t\t\t\t<\/div>\n\t\t\t\t\t<\/div>\n\t\t<\/div>\n\t\t\t\t\t\t\t<\/div>\n\t\t<\/section>\n\t\t\t\t<section class=\"elementor-section elementor-top-section elementor-element elementor-element-7516e87 elementor-section-full_width elementor-section-height-default elementor-section-height-default\" data-id=\"7516e87\" data-element_type=\"section\">\n\t\t\t\t\t\t<div class=\"elementor-container elementor-column-gap-default\">\n\t\t\t\t\t<div class=\"elementor-column elementor-col-16 elementor-top-column elementor-element elementor-element-772c411\" data-id=\"772c411\" data-element_type=\"column\">\n\t\t\t<div class=\"elementor-widget-wrap\">\n\t\t\t\t\t\t\t\t\t<\/div>\n\t\t<\/div>\n\t\t\t\t<div class=\"elementor-column elementor-col-66 elementor-top-column elementor-element elementor-element-c74fa53\" data-id=\"c74fa53\" data-element_type=\"column\">\n\t\t\t<div class=\"elementor-widget-wrap elementor-element-populated\">\n\t\t\t\t\t\t\t\t<div class=\"elementor-element elementor-element-85e33af elementor-widget elementor-widget-heading\" data-id=\"85e33af\" data-element_type=\"widget\" data-widget_type=\"heading.default\">\n\t\t\t\t<div class=\"elementor-widget-container\">\n\t\t\t<h2 class=\"elementor-heading-title elementor-size-default\">HARMONISATION MAMMAIRE<\/h2>\t\t<\/div>\n\t\t\t\t<\/div>\n\t\t\t\t<div class=\"elementor-element elementor-element-a64e530 elementor-widget elementor-widget-text-editor\" data-id=\"a64e530\" data-element_type=\"widget\" id=\"breast-harmonization-description\" data-widget_type=\"text-editor.default\">\n\t\t\t\t<div class=\"elementor-widget-container\">\n\t\t\t\t\t\t\t<p>My Breast Harmony permet aux femmes de r\u00e9fl\u00e9chir et de parler librement de la sant\u00e9 et de l\u2019esth\u00e9tique des seins, de choisir ce qui convient le mieux pour leur corps et leur esprit tout au long leur vie, et de d\u00e9couvrir comment les solutions Femtech peuvent contribuer \u00e0 rendre ce parcours plus confortable et plus agr\u00e9able.<\/p>\t\t\t\t\t\t<\/div>\n\t\t\t\t<\/div>\n\t\t\t\t\t<\/div>\n\t\t<\/div>\n\t\t\t\t<div class=\"elementor-column elementor-col-16 elementor-top-column elementor-element elementor-element-94d7159\" data-id=\"94d7159\" data-element_type=\"column\">\n\t\t\t<div class=\"elementor-widget-wrap\">\n\t\t\t\t\t\t\t\t\t<\/div>\n\t\t<\/div>\n\t\t\t\t\t\t\t<\/div>\n\t\t<\/section>\n\t\t\t\t<section class=\"elementor-section elementor-top-section elementor-element elementor-element-c154549 elementor-section-full_width elementor-section-height-default elementor-section-height-default\" data-id=\"c154549\" data-element_type=\"section\" data-settings=\"{&quot;background_background&quot;:&quot;classic&quot;}\">\n\t\t\t\t\t\t<div class=\"elementor-container elementor-column-gap-default\">\n\t\t\t\t\t<div class=\"elementor-column elementor-col-33 elementor-top-column elementor-element elementor-element-15b98bf\" data-id=\"15b98bf\" data-element_type=\"column\">\n\t\t\t<div class=\"elementor-widget-wrap\">\n\t\t\t\t\t\t\t\t\t<\/div>\n\t\t<\/div>\n\t\t\t\t<div class=\"elementor-column elementor-col-33 elementor-top-column elementor-element elementor-element-2756c76\" data-id=\"2756c76\" data-element_type=\"column\">\n\t\t\t<div class=\"elementor-widget-wrap elementor-element-populated\">\n\t\t\t\t\t\t\t\t<div class=\"elementor-element elementor-element-6441249 elementor-widget elementor-widget-heading\" data-id=\"6441249\" data-element_type=\"widget\" data-widget_type=\"heading.default\">\n\t\t\t\t<div class=\"elementor-widget-container\">\n\t\t\t<h2 class=\"elementor-heading-title elementor-size-default translation-block\">Mia Femtech<sup>TM<\/sup><\/h2>\t\t<\/div>\n\t\t\t\t<\/div>\n\t\t\t\t<div class=\"elementor-element elementor-element-d2992d2 no-margin elementor-widget elementor-widget-text-editor\" data-id=\"d2992d2\" data-element_type=\"widget\" data-widget_type=\"text-editor.default\">\n\t\t\t\t<div class=\"elementor-widget-container translation-block\">Mia Femtech<sup>TM<\/sup> apporte de l'harmonie au corps des femmes avec un r\u00e9sultat proportionnel naturellement discret, en modelant le sein en 15 minutes<sup>1<\/sup>, \u00e0 l'aide d'une technologie innovante mini-invasive sans anesth\u00e9sie g\u00e9n\u00e9rale<sup>2<\/sup>, afin que les patientes puissent reprendre leurs occupations le jour-m\u00eame*.<\/div>\n\t\t\t\t<\/div>\n\t\t\t\t<div class=\"elementor-element elementor-element-1c83488 li-royal-gold ul-padding-20 elementor-hidden-mobile elementor-widget elementor-widget-text-editor\" data-id=\"1c83488\" data-element_type=\"widget\" data-widget_type=\"text-editor.default\">\n\t\t\t\t<div class=\"elementor-widget-container\">\n\t\t\t\t\t\t\t<ul><li>S\u00e9curit\u00e9 : moins de 1 % de complications li\u00e9es aux dispositifs contre plus de 10 % sur le march\u00e9 :<\/li><li>Activation RFID<\/li><li>Facteurs humains (Ergonomie) :<\/li><li>Solution mini-invasive<\/li><li>Biomat\u00e9riaux r\u00e9g\u00e9n\u00e9ratifs et avanc\u00e9s<\/li><\/ul>\t\t\t\t\t\t<\/div>\n\t\t\t\t<\/div>\n\t\t\t\t<div class=\"elementor-element elementor-element-2fe99fd elementor-hidden-mobile elementor-widget elementor-widget-text-editor\" data-id=\"2fe99fd\" data-element_type=\"widget\" data-widget_type=\"text-editor.default\">\n\t\t\t\t<div class=\"elementor-widget-container\">\n\t\t\t\t\t\t\t<p>Syst\u00e8me de haute technologie et brevet\u00e9 avec plus de 25 inventions (familles brevet\u00e9es) et 218 demandes en instance au niveau mondial dans 21 juridictions.<\/p>\t\t\t\t\t\t<\/div>\n\t\t\t\t<\/div>\n\t\t\t\t<div class=\"elementor-element elementor-element-d8a6720 elementor-button-info elementor-mobile-align-center elementor-align-left motiva-btn-primary elementor-hidden-mobile elementor-widget elementor-widget-button\" data-id=\"d8a6720\" data-element_type=\"widget\" data-widget_type=\"button.default\">\n\t\t\t\t<div class=\"elementor-widget-container\">\n\t\t\t\t\t<div class=\"elementor-button-wrapper\">\n\t\t\t<a class=\"elementor-button elementor-button-link elementor-size-xs\" href=\"https:\/\/miafemtech.com\/fr\" target=\"_blank\">\n\t\t\t\t\t\t<span class=\"elementor-button-content-wrapper\">\n\t\t\t\t\t\t<span class=\"elementor-button-text\">EN SAVOIR PLUS<\/span>\n\t\t<\/span>\n\t\t\t\t\t<\/a>\n\t\t<\/div>\n\t\t\t\t<\/div>\n\t\t\t\t<\/div>\n\t\t\t\t\t<\/div>\n\t\t<\/div>\n\t\t\t\t<div class=\"elementor-column elementor-col-33 elementor-top-column elementor-element elementor-element-65b4a8e\" data-id=\"65b4a8e\" data-element_type=\"column\">\n\t\t\t<div class=\"elementor-widget-wrap elementor-element-populated\">\n\t\t\t\t\t\t\t\t<div class=\"elementor-element elementor-element-9e2baa7 elementor-hidden-mobile elementor-widget elementor-widget-image\" data-id=\"9e2baa7\" data-element_type=\"widget\" data-widget_type=\"image.default\">\n\t\t\t\t<div class=\"elementor-widget-container\">\n\t\t\t\t\t\t\t\t\t\t\t\t\t\t\t<img loading=\"lazy\" decoding=\"async\" width=\"640\" height=\"460\" src=\"https:\/\/www.establishmentlabs.com\/wp-content\/uploads\/2023\/03\/mia-desktop-768x552.png\" class=\"attachment-medium_large size-medium_large wp-image-15630\" alt=\"\" srcset=\"https:\/\/www.establishmentlabs.com\/wp-content\/uploads\/2023\/03\/mia-desktop-768x552.png 768w, https:\/\/www.establishmentlabs.com\/wp-content\/uploads\/2023\/03\/mia-desktop-300x216.png 300w, https:\/\/www.establishmentlabs.com\/wp-content\/uploads\/2023\/03\/mia-desktop-18x12.png 18w, https:\/\/www.establishmentlabs.com\/wp-content\/uploads\/2023\/03\/mia-desktop.png 841w\" sizes=\"auto, (max-width: 640px) 100vw, 640px\" \/>\t\t\t\t\t\t\t\t\t\t\t\t\t\t\t<\/div>\n\t\t\t\t<\/div>\n\t\t\t\t<div class=\"elementor-element elementor-element-0c1fffe elementor-hidden-desktop elementor-hidden-tablet elementor-widget elementor-widget-image\" data-id=\"0c1fffe\" data-element_type=\"widget\" data-widget_type=\"image.default\">\n\t\t\t\t<div class=\"elementor-widget-container\">\n\t\t\t\t\t\t\t\t\t\t\t\t\t\t\t<img loading=\"lazy\" decoding=\"async\" width=\"723\" height=\"1350\" src=\"https:\/\/www.establishmentlabs.com\/wp-content\/uploads\/2023\/05\/Mia-Mobile.png\" class=\"attachment-full size-full wp-image-16348\" alt=\"\" srcset=\"https:\/\/www.establishmentlabs.com\/wp-content\/uploads\/2023\/05\/Mia-Mobile.png 723w, https:\/\/www.establishmentlabs.com\/wp-content\/uploads\/2023\/05\/Mia-Mobile-161x300.png 161w, https:\/\/www.establishmentlabs.com\/wp-content\/uploads\/2023\/05\/Mia-Mobile-548x1024.png 548w, https:\/\/www.establishmentlabs.com\/wp-content\/uploads\/2023\/05\/Mia-Mobile-6x12.png 6w\" sizes=\"auto, (max-width: 723px) 100vw, 723px\" \/>\t\t\t\t\t\t\t\t\t\t\t\t\t\t\t<\/div>\n\t\t\t\t<\/div>\n\t\t\t\t\t<\/div>\n\t\t<\/div>\n\t\t\t\t\t\t\t<\/div>\n\t\t<\/section>\n\t\t\t\t<section class=\"elementor-section elementor-top-section elementor-element elementor-element-dfa128d elementor-section-full_width elementor-hidden-desktop elementor-hidden-tablet elementor-section-height-default elementor-section-height-default\" data-id=\"dfa128d\" data-element_type=\"section\">\n\t\t\t\t\t\t<div class=\"elementor-container elementor-column-gap-default\">\n\t\t\t\t\t<div class=\"elementor-column elementor-col-16 elementor-top-column elementor-element elementor-element-d4e965b\" data-id=\"d4e965b\" data-element_type=\"column\">\n\t\t\t<div class=\"elementor-widget-wrap\">\n\t\t\t\t\t\t\t\t\t<\/div>\n\t\t<\/div>\n\t\t\t\t<div class=\"elementor-column elementor-col-66 elementor-top-column elementor-element elementor-element-b379865\" data-id=\"b379865\" data-element_type=\"column\">\n\t\t\t<div class=\"elementor-widget-wrap elementor-element-populated\">\n\t\t\t\t\t\t\t\t<div class=\"elementor-element elementor-element-9be08a5 li-royal-gold ul-padding-20 elementor-widget elementor-widget-text-editor\" data-id=\"9be08a5\" data-element_type=\"widget\" data-widget_type=\"text-editor.default\">\n\t\t\t\t<div class=\"elementor-widget-container\">\n\t\t\t\t\t\t\t<ul><li>S\u00e9curit\u00e9 : moins de 1 % de complications li\u00e9es aux dispositifs contre plus de 10 % sur le march\u00e9 :<\/li><li>Activation RFID<\/li><li>Facteurs humains (Ergonomie) :<\/li><li>Solution mini-invasive<\/li><li>Biomat\u00e9riaux r\u00e9g\u00e9n\u00e9ratifs et avanc\u00e9s<\/li><\/ul>\t\t\t\t\t\t<\/div>\n\t\t\t\t<\/div>\n\t\t\t\t<div class=\"elementor-element elementor-element-da73c65 elementor-widget elementor-widget-text-editor\" data-id=\"da73c65\" data-element_type=\"widget\" data-widget_type=\"text-editor.default\">\n\t\t\t\t<div class=\"elementor-widget-container\">\n\t\t\t\t\t\t\t<p>Syst\u00e8me de haute technologie et brevet\u00e9 avec plus de 25 inventions (familles brevet\u00e9es) et 218 demandes en instance au niveau mondial dans 21 juridictions.<\/p>\t\t\t\t\t\t<\/div>\n\t\t\t\t<\/div>\n\t\t\t\t<div class=\"elementor-element elementor-element-bd24264 elementor-button-info elementor-mobile-align-center elementor-align-left motiva-btn-primary elementor-tablet-align-center elementor-widget elementor-widget-button\" data-id=\"bd24264\" data-element_type=\"widget\" data-widget_type=\"button.default\">\n\t\t\t\t<div class=\"elementor-widget-container\">\n\t\t\t\t\t<div class=\"elementor-button-wrapper\">\n\t\t\t<a class=\"elementor-button elementor-button-link elementor-size-xs\" href=\"https:\/\/miafemtech.com\/fr\" target=\"_blank\">\n\t\t\t\t\t\t<span class=\"elementor-button-content-wrapper\">\n\t\t\t\t\t\t<span class=\"elementor-button-text\">EN SAVOIR PLUS<\/span>\n\t\t<\/span>\n\t\t\t\t\t<\/a>\n\t\t<\/div>\n\t\t\t\t<\/div>\n\t\t\t\t<\/div>\n\t\t\t\t\t<\/div>\n\t\t<\/div>\n\t\t\t\t<div class=\"elementor-column elementor-col-16 elementor-top-column elementor-element elementor-element-c441640\" data-id=\"c441640\" data-element_type=\"column\">\n\t\t\t<div class=\"elementor-widget-wrap\">\n\t\t\t\t\t\t\t\t\t<\/div>\n\t\t<\/div>\n\t\t\t\t\t\t\t<\/div>\n\t\t<\/section>\n\t\t\t\t<section class=\"elementor-section elementor-top-section elementor-element elementor-element-6aebef9 elementor-section-full_width elementor-section-height-default elementor-section-height-default\" data-id=\"6aebef9\" data-element_type=\"section\">\n\t\t\t\t\t\t<div class=\"elementor-container elementor-column-gap-default\">\n\t\t\t\t\t<div class=\"elementor-column elementor-col-100 elementor-top-column elementor-element elementor-element-b9a8453\" data-id=\"b9a8453\" data-element_type=\"column\">\n\t\t\t<div class=\"elementor-widget-wrap elementor-element-populated\">\n\t\t\t\t\t\t\t\t<div class=\"elementor-element elementor-element-c3561d7 elementor-widget elementor-widget-spacer\" data-id=\"c3561d7\" data-element_type=\"widget\" data-widget_type=\"spacer.default\">\n\t\t\t\t<div class=\"elementor-widget-container\">\n\t\t\t\t\t<div class=\"elementor-spacer\">\n\t\t\t<div class=\"elementor-spacer-inner\"><\/div>\n\t\t<\/div>\n\t\t\t\t<\/div>\n\t\t\t\t<\/div>\n\t\t\t\t\t<\/div>\n\t\t<\/div>\n\t\t\t\t\t\t\t<\/div>\n\t\t<\/section>\n\t\t\t\t<section class=\"elementor-section elementor-top-section elementor-element elementor-element-e3bd7d9 elementor-section-full_width elementor-section-height-default elementor-section-height-default\" data-id=\"e3bd7d9\" data-element_type=\"section\">\n\t\t\t\t\t\t<div class=\"elementor-container elementor-column-gap-default\">\n\t\t\t\t\t<div class=\"elementor-column elementor-col-16 elementor-top-column elementor-element elementor-element-5bdc2d5\" data-id=\"5bdc2d5\" data-element_type=\"column\">\n\t\t\t<div class=\"elementor-widget-wrap\">\n\t\t\t\t\t\t\t\t\t<\/div>\n\t\t<\/div>\n\t\t\t\t<div class=\"elementor-column elementor-col-66 elementor-top-column elementor-element elementor-element-cc6cd4e\" data-id=\"cc6cd4e\" data-element_type=\"column\">\n\t\t\t<div class=\"elementor-widget-wrap elementor-element-populated\">\n\t\t\t\t\t\t\t\t<div class=\"elementor-element elementor-element-637761e text-bold elementor-widget elementor-widget-text-editor\" data-id=\"637761e\" data-element_type=\"widget\" data-widget_type=\"text-editor.default\">\n\t\t\t\t<div class=\"elementor-widget-container\">\n\t\t\t\t\t\t\tR\u00e9f\u00e9rences\t\t\t\t\t\t<\/div>\n\t\t\t\t<\/div>\n\t\t\t\t<div class=\"elementor-element elementor-element-b58a203 elementor-widget elementor-widget-text-editor\" data-id=\"b58a203\" data-element_type=\"widget\" data-widget_type=\"text-editor.default\">\n\t\t\t\t<div class=\"elementor-widget-container translation-block\">*Il est recommand\u00e9 d'interrompre toute pratique sportive pendant la p\u00e9riode de r\u00e9cup\u00e9ration et de toujours suivre les conseils de votre m\u00e9decin. \n<br>\n1. Establishment Labs\u00ae. Donn\u00e9es archiv\u00e9es. CLINR-001018.\n<br>\n2. Establishment Labs\u00ae. Donn\u00e9es archiv\u00e9es. CLINP-001007.<\/div>\n\t\t\t\t<\/div>\n\t\t\t\t\t<\/div>\n\t\t<\/div>\n\t\t\t\t<div class=\"elementor-column elementor-col-16 elementor-top-column elementor-element elementor-element-f04e5c4\" data-id=\"f04e5c4\" data-element_type=\"column\">\n\t\t\t<div class=\"elementor-widget-wrap\">\n\t\t\t\t\t\t\t\t\t<\/div>\n\t\t<\/div>\n\t\t\t\t\t\t\t<\/div>\n\t\t<\/section>\n\t\t\t\t\t\t\t<\/div>","protected":false},"excerpt":{"rendered":"<p>BREAST HARMONIZATION My Breast Harmony empowers women to think and speak freely about breast health and aesthetics, to choose what is best for their body and mind during their lifetime, and to know how Femtech solutions can contribute to make this journey more comfortable and enjoyable. Mia FemtechTM Mia Femtech brings harmony to women\u2019s body [&#8230;]<\/p>\n<p><a class=\"btn btn-secondary understrap-read-more-link\" href=\"https:\/\/www.establishmentlabs.com\/fr\/femtech-innovation\/breast-harmonization\/\">Lire la suite&#8230;<\/a><\/p>","protected":false},"author":7,"featured_media":0,"parent":9582,"menu_order":1,"comment_status":"closed","ping_status":"closed","template":"page-templates\/femtech_submenu.php","meta":{"footnotes":""},"class_list":["post-15345","page","type-page","status-publish","hentry"],"acf":[],"aioseo_notices":[],"_links":{"self":[{"href":"https:\/\/www.establishmentlabs.com\/fr\/wp-json\/wp\/v2\/pages\/15345","targetHints":{"allow":["GET"]}}],"collection":[{"href":"https:\/\/www.establishmentlabs.com\/fr\/wp-json\/wp\/v2\/pages"}],"about":[{"href":"https:\/\/www.establishmentlabs.com\/fr\/wp-json\/wp\/v2\/types\/page"}],"author":[{"embeddable":true,"href":"https:\/\/www.establishmentlabs.com\/fr\/wp-json\/wp\/v2\/users\/7"}],"replies":[{"embeddable":true,"href":"https:\/\/www.establishmentlabs.com\/fr\/wp-json\/wp\/v2\/comments?post=15345"}],"version-history":[{"count":145,"href":"https:\/\/www.establishmentlabs.com\/fr\/wp-json\/wp\/v2\/pages\/15345\/revisions"}],"predecessor-version":[{"id":17208,"href":"https:\/\/www.establishmentlabs.com\/fr\/wp-json\/wp\/v2\/pages\/15345\/revisions\/17208"}],"up":[{"embeddable":true,"href":"https:\/\/www.establishmentlabs.com\/fr\/wp-json\/wp\/v2\/pages\/9582"}],"wp:attachment":[{"href":"https:\/\/www.establishmentlabs.com\/fr\/wp-json\/wp\/v2\/media?parent=15345"}],"curies":[{"name":"wp","href":"https:\/\/api.w.org\/{rel}","templated":true}]}}