{"id":15349,"date":"2023-03-20T09:40:36","date_gmt":"2023-03-20T14:40:36","guid":{"rendered":"https:\/\/esta-test.click\/?page_id=15349"},"modified":"2023-05-11T08:38:53","modified_gmt":"2023-05-11T14:38:53","slug":"breast-augmentation","status":"publish","type":"page","link":"https:\/\/www.establishmentlabs.com\/fr\/femtech-innovation\/breast-augmentation\/","title":{"rendered":"Augmentation Mammaire"},"content":{"rendered":"<div data-elementor-type=\"wp-page\" data-elementor-id=\"15349\" class=\"elementor elementor-15349\" data-elementor-post-type=\"page\">\n\t\t\t\t\t\t\t\t\t<section class=\"elementor-section elementor-top-section elementor-element elementor-element-cb4fa4f elementor-section-full_width elementor-section-height-default elementor-section-height-default\" data-id=\"cb4fa4f\" data-element_type=\"section\">\n\t\t\t\t\t\t<div class=\"elementor-container elementor-column-gap-default\">\n\t\t\t\t\t<div class=\"elementor-column elementor-col-100 elementor-top-column elementor-element elementor-element-e842743\" data-id=\"e842743\" data-element_type=\"column\">\n\t\t\t<div class=\"elementor-widget-wrap elementor-element-populated\">\n\t\t\t\t\t\t\t\t<div class=\"elementor-element elementor-element-a42567b elementor-widget elementor-widget-spacer\" data-id=\"a42567b\" data-element_type=\"widget\" data-widget_type=\"spacer.default\">\n\t\t\t\t<div class=\"elementor-widget-container\">\n\t\t\t\t\t<div class=\"elementor-spacer\">\n\t\t\t<div class=\"elementor-spacer-inner\"><\/div>\n\t\t<\/div>\n\t\t\t\t<\/div>\n\t\t\t\t<\/div>\n\t\t\t\t\t<\/div>\n\t\t<\/div>\n\t\t\t\t\t\t\t<\/div>\n\t\t<\/section>\n\t\t\t\t<section class=\"elementor-section elementor-top-section elementor-element elementor-element-960771d elementor-section-full_width elementor-section-height-default elementor-section-height-default\" data-id=\"960771d\" data-element_type=\"section\" data-settings=\"{&quot;background_background&quot;:&quot;classic&quot;}\">\n\t\t\t\t\t\t<div class=\"elementor-container elementor-column-gap-default\">\n\t\t\t\t\t<div class=\"elementor-column elementor-col-33 elementor-top-column elementor-element elementor-element-212adb0\" data-id=\"212adb0\" data-element_type=\"column\">\n\t\t\t<div class=\"elementor-widget-wrap\">\n\t\t\t\t\t\t\t\t\t<\/div>\n\t\t<\/div>\n\t\t\t\t<div class=\"elementor-column elementor-col-33 elementor-top-column elementor-element elementor-element-e4c8a6a\" data-id=\"e4c8a6a\" data-element_type=\"column\">\n\t\t\t<div class=\"elementor-widget-wrap elementor-element-populated\">\n\t\t\t\t\t\t\t\t<div class=\"elementor-element elementor-element-4bf5ab1 elementor-widget elementor-widget-heading\" data-id=\"4bf5ab1\" data-element_type=\"widget\" data-widget_type=\"heading.default\">\n\t\t\t\t<div class=\"elementor-widget-container\">\n\t\t\t<h2 class=\"elementor-heading-title elementor-size-default translation-block\">Motiva<sup>\u00ae<\/sup><\/h2>\t\t<\/div>\n\t\t\t\t<\/div>\n\t\t\t\t<div class=\"elementor-element elementor-element-3fe6412 no-margin elementor-widget elementor-widget-text-editor\" data-id=\"3fe6412\" data-element_type=\"widget\" data-widget_type=\"text-editor.default\">\n\t\t\t\t<div class=\"elementor-widget-container\">\n\t\t\t\t\t\t\t<p>Le portefeuille d'implants lisses le plus complet et le plus innovant, avec les seuls implants ergonomiques et anatomiques lisses au monde. Motiva<sup>\u00ae<\/sup> offre une solution s\u00fbre \u00e0 tous les besoins des femmes et des chirurgiens, gr\u00e2ce \u00e0 des technologies de s\u00e9curit\u00e9 avanc\u00e9es et aux avantages associ\u00e9s.<\/p>\t\t\t\t\t\t<\/div>\n\t\t\t\t<\/div>\n\t\t\t\t<div class=\"elementor-element elementor-element-bcbc799 elementor-button-info elementor-mobile-align-center elementor-align-left motiva-btn-primary elementor-hidden-mobile elementor-widget elementor-widget-button\" data-id=\"bcbc799\" data-element_type=\"widget\" data-widget_type=\"button.default\">\n\t\t\t\t<div class=\"elementor-widget-container\">\n\t\t\t\t\t<div class=\"elementor-button-wrapper\">\n\t\t\t<a class=\"elementor-button elementor-button-link elementor-size-xs\" href=\"https:\/\/motiva.health\/fr\/patients-implant-overview\/\" target=\"_blank\">\n\t\t\t\t\t\t<span class=\"elementor-button-content-wrapper\">\n\t\t\t\t\t\t<span class=\"elementor-button-text\">EN SAVOIR PLUS<\/span>\n\t\t<\/span>\n\t\t\t\t\t<\/a>\n\t\t<\/div>\n\t\t\t\t<\/div>\n\t\t\t\t<\/div>\n\t\t\t\t\t<\/div>\n\t\t<\/div>\n\t\t\t\t<div class=\"elementor-column elementor-col-33 elementor-top-column elementor-element elementor-element-8204880\" data-id=\"8204880\" data-element_type=\"column\">\n\t\t\t<div class=\"elementor-widget-wrap elementor-element-populated\">\n\t\t\t\t\t\t\t\t<div class=\"elementor-element elementor-element-66cd9cb elementor-hidden-mobile elementor-widget elementor-widget-image\" data-id=\"66cd9cb\" data-element_type=\"widget\" data-widget_type=\"image.default\">\n\t\t\t\t<div class=\"elementor-widget-container\">\n\t\t\t\t\t\t\t\t\t\t\t\t\t\t\t<img loading=\"lazy\" decoding=\"async\" width=\"550\" height=\"354\" src=\"https:\/\/www.establishmentlabs.com\/wp-content\/uploads\/2023\/03\/Motiva-desktop.png\" class=\"attachment-medium_large size-medium_large wp-image-15631\" alt=\"\" srcset=\"https:\/\/www.establishmentlabs.com\/wp-content\/uploads\/2023\/03\/Motiva-desktop.png 550w, https:\/\/www.establishmentlabs.com\/wp-content\/uploads\/2023\/03\/Motiva-desktop-300x193.png 300w, https:\/\/www.establishmentlabs.com\/wp-content\/uploads\/2023\/03\/Motiva-desktop-18x12.png 18w\" sizes=\"auto, (max-width: 550px) 100vw, 550px\" \/>\t\t\t\t\t\t\t\t\t\t\t\t\t\t\t<\/div>\n\t\t\t\t<\/div>\n\t\t\t\t<div class=\"elementor-element elementor-element-155025e elementor-hidden-desktop elementor-hidden-tablet elementor-widget elementor-widget-image\" data-id=\"155025e\" data-element_type=\"widget\" data-widget_type=\"image.default\">\n\t\t\t\t<div class=\"elementor-widget-container\">\n\t\t\t\t\t\t\t\t\t\t\t\t\t\t\t<img loading=\"lazy\" decoding=\"async\" width=\"585\" height=\"970\" src=\"https:\/\/www.establishmentlabs.com\/wp-content\/uploads\/2023\/05\/motiva-mobile.png\" class=\"attachment-full size-full wp-image-16349\" alt=\"\" srcset=\"https:\/\/www.establishmentlabs.com\/wp-content\/uploads\/2023\/05\/motiva-mobile.png 585w, https:\/\/www.establishmentlabs.com\/wp-content\/uploads\/2023\/05\/motiva-mobile-181x300.png 181w, https:\/\/www.establishmentlabs.com\/wp-content\/uploads\/2023\/05\/motiva-mobile-7x12.png 7w\" sizes=\"auto, (max-width: 585px) 100vw, 585px\" \/>\t\t\t\t\t\t\t\t\t\t\t\t\t\t\t<\/div>\n\t\t\t\t<\/div>\n\t\t\t\t\t<\/div>\n\t\t<\/div>\n\t\t\t\t\t\t\t<\/div>\n\t\t<\/section>\n\t\t\t\t<section class=\"elementor-section elementor-top-section elementor-element elementor-element-870fc08 elementor-section-full_width elementor-section-height-default elementor-section-height-default\" data-id=\"870fc08\" data-element_type=\"section\">\n\t\t\t\t\t\t<div class=\"elementor-container elementor-column-gap-default\">\n\t\t\t\t\t<div class=\"elementor-column elementor-col-16 elementor-top-column elementor-element elementor-element-731ba64\" data-id=\"731ba64\" data-element_type=\"column\">\n\t\t\t<div class=\"elementor-widget-wrap\">\n\t\t\t\t\t\t\t\t\t<\/div>\n\t\t<\/div>\n\t\t\t\t<div class=\"elementor-column elementor-col-66 elementor-top-column elementor-element elementor-element-ff1d541\" data-id=\"ff1d541\" data-element_type=\"column\">\n\t\t\t<div class=\"elementor-widget-wrap elementor-element-populated\">\n\t\t\t\t\t\t\t\t<div class=\"elementor-element elementor-element-d83250a elementor-button-info elementor-mobile-align-center motiva-btn-primary elementor-hidden-desktop elementor-hidden-tablet elementor-widget elementor-widget-button\" data-id=\"d83250a\" data-element_type=\"widget\" data-widget_type=\"button.default\">\n\t\t\t\t<div class=\"elementor-widget-container\">\n\t\t\t\t\t<div class=\"elementor-button-wrapper\">\n\t\t\t<a class=\"elementor-button elementor-button-link elementor-size-xs\" href=\"https:\/\/motiva.health\/fr\/patients-implant-overview\/\" target=\"_blank\">\n\t\t\t\t\t\t<span class=\"elementor-button-content-wrapper\">\n\t\t\t\t\t\t<span class=\"elementor-button-text\">EN SAVOIR PLUS<\/span>\n\t\t<\/span>\n\t\t\t\t\t<\/a>\n\t\t<\/div>\n\t\t\t\t<\/div>\n\t\t\t\t<\/div>\n\t\t\t\t\t<\/div>\n\t\t<\/div>\n\t\t\t\t<div class=\"elementor-column elementor-col-16 elementor-top-column elementor-element elementor-element-5f5ff6f\" data-id=\"5f5ff6f\" data-element_type=\"column\">\n\t\t\t<div class=\"elementor-widget-wrap\">\n\t\t\t\t\t\t\t\t\t<\/div>\n\t\t<\/div>\n\t\t\t\t\t\t\t<\/div>\n\t\t<\/section>\n\t\t\t\t<section class=\"elementor-section elementor-top-section elementor-element elementor-element-f49bebf elementor-section-full_width elementor-section-height-default elementor-section-height-default\" data-id=\"f49bebf\" data-element_type=\"section\" data-settings=\"{&quot;background_background&quot;:&quot;classic&quot;}\">\n\t\t\t\t\t\t<div class=\"elementor-container elementor-column-gap-default\">\n\t\t\t\t\t<div class=\"elementor-column elementor-col-33 elementor-top-column elementor-element elementor-element-b3d2c9d\" data-id=\"b3d2c9d\" data-element_type=\"column\">\n\t\t\t<div class=\"elementor-widget-wrap elementor-element-populated\">\n\t\t\t\t\t\t\t\t<div class=\"elementor-element elementor-element-50c13a2 elementor-hidden-mobile elementor-widget elementor-widget-image\" data-id=\"50c13a2\" data-element_type=\"widget\" data-widget_type=\"image.default\">\n\t\t\t\t<div class=\"elementor-widget-container\">\n\t\t\t\t\t\t\t\t\t\t\t\t\t\t\t<img loading=\"lazy\" decoding=\"async\" width=\"550\" height=\"354\" src=\"https:\/\/www.establishmentlabs.com\/wp-content\/uploads\/2023\/03\/JOY-desktop.png\" class=\"attachment-medium_large size-medium_large wp-image-15559\" alt=\"\" srcset=\"https:\/\/www.establishmentlabs.com\/wp-content\/uploads\/2023\/03\/JOY-desktop.png 550w, https:\/\/www.establishmentlabs.com\/wp-content\/uploads\/2023\/03\/JOY-desktop-300x193.png 300w, https:\/\/www.establishmentlabs.com\/wp-content\/uploads\/2023\/03\/JOY-desktop-18x12.png 18w\" sizes=\"auto, (max-width: 550px) 100vw, 550px\" \/>\t\t\t\t\t\t\t\t\t\t\t\t\t\t\t<\/div>\n\t\t\t\t<\/div>\n\t\t\t\t<div class=\"elementor-element elementor-element-6010bd0 elementor-hidden-desktop elementor-hidden-tablet elementor-widget elementor-widget-image\" data-id=\"6010bd0\" data-element_type=\"widget\" data-widget_type=\"image.default\">\n\t\t\t\t<div class=\"elementor-widget-container\">\n\t\t\t\t\t\t\t\t\t\t\t\t\t\t\t<img loading=\"lazy\" decoding=\"async\" width=\"585\" height=\"970\" src=\"https:\/\/www.establishmentlabs.com\/wp-content\/uploads\/2023\/05\/JOY-mobile.png\" class=\"attachment-full size-full wp-image-16347\" alt=\"\" srcset=\"https:\/\/www.establishmentlabs.com\/wp-content\/uploads\/2023\/05\/JOY-mobile.png 585w, https:\/\/www.establishmentlabs.com\/wp-content\/uploads\/2023\/05\/JOY-mobile-181x300.png 181w, https:\/\/www.establishmentlabs.com\/wp-content\/uploads\/2023\/05\/JOY-mobile-7x12.png 7w\" sizes=\"auto, (max-width: 585px) 100vw, 585px\" \/>\t\t\t\t\t\t\t\t\t\t\t\t\t\t\t<\/div>\n\t\t\t\t<\/div>\n\t\t\t\t\t<\/div>\n\t\t<\/div>\n\t\t\t\t<div class=\"elementor-column elementor-col-33 elementor-top-column elementor-element elementor-element-06d05a6\" data-id=\"06d05a6\" data-element_type=\"column\">\n\t\t\t<div class=\"elementor-widget-wrap elementor-element-populated\">\n\t\t\t\t\t\t\t\t<div class=\"elementor-element elementor-element-920567e elementor-widget elementor-widget-heading\" data-id=\"920567e\" data-element_type=\"widget\" data-widget_type=\"heading.default\">\n\t\t\t\t<div class=\"elementor-widget-container\">\n\t\t\t<h2 class=\"elementor-heading-title elementor-size-default translation-block\">JOY<sup>\u00ae<\/sup><\/h2>\t\t<\/div>\n\t\t\t\t<\/div>\n\t\t\t\t<div class=\"elementor-element elementor-element-12199f0 no-margin elementor-widget elementor-widget-text-editor\" data-id=\"12199f0\" data-element_type=\"widget\" data-widget_type=\"text-editor.default\">\n\t\t\t\t<div class=\"elementor-widget-container\">\n\t\t\t\t\t\t\t<p>JOY<sup>\u00ae<\/sup> associe les caract\u00e9ristiques de s\u00e9curit\u00e9 de Motiva \u00e0 la couverture de garantie \u00e9tendue et au programme de soins des patientes. Ce programme r\u00e9affirme notre engagement en faveur de la sant\u00e9 et du bien-\u00eatre des femmes.<\/p>\t\t\t\t\t\t<\/div>\n\t\t\t\t<\/div>\n\t\t\t\t<div class=\"elementor-element elementor-element-d961c4d elementor-button-info elementor-mobile-align-center elementor-align-right motiva-btn-primary elementor-hidden-mobile elementor-widget elementor-widget-button\" data-id=\"d961c4d\" data-element_type=\"widget\" data-widget_type=\"button.default\">\n\t\t\t\t<div class=\"elementor-widget-container\">\n\t\t\t\t\t<div class=\"elementor-button-wrapper\">\n\t\t\t<a class=\"elementor-button elementor-button-link elementor-size-xs\" href=\"https:\/\/motiva.health\/fr\/patients-motiva-joy\/\" target=\"_blank\">\n\t\t\t\t\t\t<span class=\"elementor-button-content-wrapper\">\n\t\t\t\t\t\t<span class=\"elementor-button-text\">EN SAVOIR PLUS<\/span>\n\t\t<\/span>\n\t\t\t\t\t<\/a>\n\t\t<\/div>\n\t\t\t\t<\/div>\n\t\t\t\t<\/div>\n\t\t\t\t\t<\/div>\n\t\t<\/div>\n\t\t\t\t<div class=\"elementor-column elementor-col-33 elementor-top-column elementor-element elementor-element-4c882b9\" data-id=\"4c882b9\" data-element_type=\"column\">\n\t\t\t<div class=\"elementor-widget-wrap\">\n\t\t\t\t\t\t\t\t\t<\/div>\n\t\t<\/div>\n\t\t\t\t\t\t\t<\/div>\n\t\t<\/section>\n\t\t\t\t<section class=\"elementor-section elementor-top-section elementor-element elementor-element-c7738c2 elementor-section-full_width elementor-section-height-default elementor-section-height-default\" data-id=\"c7738c2\" data-element_type=\"section\">\n\t\t\t\t\t\t<div class=\"elementor-container elementor-column-gap-default\">\n\t\t\t\t\t<div class=\"elementor-column elementor-col-16 elementor-top-column elementor-element elementor-element-c8085dc\" data-id=\"c8085dc\" data-element_type=\"column\">\n\t\t\t<div class=\"elementor-widget-wrap\">\n\t\t\t\t\t\t\t\t\t<\/div>\n\t\t<\/div>\n\t\t\t\t<div class=\"elementor-column elementor-col-66 elementor-top-column elementor-element elementor-element-3fe1746\" data-id=\"3fe1746\" data-element_type=\"column\">\n\t\t\t<div class=\"elementor-widget-wrap elementor-element-populated\">\n\t\t\t\t\t\t\t\t<div class=\"elementor-element elementor-element-1e857bd elementor-button-info elementor-align-center motiva-btn-primary elementor-hidden-desktop elementor-hidden-tablet elementor-widget elementor-widget-button\" data-id=\"1e857bd\" data-element_type=\"widget\" data-widget_type=\"button.default\">\n\t\t\t\t<div class=\"elementor-widget-container\">\n\t\t\t\t\t<div class=\"elementor-button-wrapper\">\n\t\t\t<a class=\"elementor-button elementor-button-link elementor-size-xs\" href=\"https:\/\/motiva.health\/fr\/patients-motiva-joy\/\" target=\"_blank\">\n\t\t\t\t\t\t<span class=\"elementor-button-content-wrapper\">\n\t\t\t\t\t\t<span class=\"elementor-button-text\">EN SAVOIR PLUS<\/span>\n\t\t<\/span>\n\t\t\t\t\t<\/a>\n\t\t<\/div>\n\t\t\t\t<\/div>\n\t\t\t\t<\/div>\n\t\t\t\t\t<\/div>\n\t\t<\/div>\n\t\t\t\t<div class=\"elementor-column elementor-col-16 elementor-top-column elementor-element elementor-element-132bba6\" data-id=\"132bba6\" data-element_type=\"column\">\n\t\t\t<div class=\"elementor-widget-wrap\">\n\t\t\t\t\t\t\t\t\t<\/div>\n\t\t<\/div>\n\t\t\t\t\t\t\t<\/div>\n\t\t<\/section>\n\t\t\t\t\t\t\t<\/div>","protected":false},"excerpt":{"rendered":"<p>Motiva\u00ae The most comprehensive innovative smooth portfolio with the only smooth ergonomic and smooth anatomical implants globally. Motiva offers a safe solution for every woman\u2019s and surgeon\u2019s needs, with advanced safety technologies and related benefits. LEARN MORE LEARN MORE JOY\u00ae JOY combines Motiva\u2019s safety attributes with extended warranty cover and patient care programs. This program [&#8230;]<\/p>\n<p><a class=\"btn btn-secondary understrap-read-more-link\" href=\"https:\/\/www.establishmentlabs.com\/fr\/femtech-innovation\/breast-augmentation\/\">Lire la suite&#8230;<\/a><\/p>","protected":false},"author":7,"featured_media":0,"parent":9582,"menu_order":3,"comment_status":"closed","ping_status":"closed","template":"page-templates\/femtech_submenu.php","meta":{"footnotes":""},"class_list":["post-15349","page","type-page","status-publish","hentry"],"acf":[],"aioseo_notices":[],"_links":{"self":[{"href":"https:\/\/www.establishmentlabs.com\/fr\/wp-json\/wp\/v2\/pages\/15349","targetHints":{"allow":["GET"]}}],"collection":[{"href":"https:\/\/www.establishmentlabs.com\/fr\/wp-json\/wp\/v2\/pages"}],"about":[{"href":"https:\/\/www.establishmentlabs.com\/fr\/wp-json\/wp\/v2\/types\/page"}],"author":[{"embeddable":true,"href":"https:\/\/www.establishmentlabs.com\/fr\/wp-json\/wp\/v2\/users\/7"}],"replies":[{"embeddable":true,"href":"https:\/\/www.establishmentlabs.com\/fr\/wp-json\/wp\/v2\/comments?post=15349"}],"version-history":[{"count":43,"href":"https:\/\/www.establishmentlabs.com\/fr\/wp-json\/wp\/v2\/pages\/15349\/revisions"}],"predecessor-version":[{"id":16361,"href":"https:\/\/www.establishmentlabs.com\/fr\/wp-json\/wp\/v2\/pages\/15349\/revisions\/16361"}],"up":[{"embeddable":true,"href":"https:\/\/www.establishmentlabs.com\/fr\/wp-json\/wp\/v2\/pages\/9582"}],"wp:attachment":[{"href":"https:\/\/www.establishmentlabs.com\/fr\/wp-json\/wp\/v2\/media?parent=15349"}],"curies":[{"name":"wp","href":"https:\/\/api.w.org\/{rel}","templated":true}]}}