{"id":15352,"date":"2023-03-20T09:43:46","date_gmt":"2023-03-20T14:43:46","guid":{"rendered":"https:\/\/esta-test.click\/?page_id=15352"},"modified":"2023-05-11T08:40:42","modified_gmt":"2023-05-11T14:40:42","slug":"designed-surgeries","status":"publish","type":"page","link":"https:\/\/www.establishmentlabs.com\/fr\/femtech-innovation\/designed-surgeries\/","title":{"rendered":"Chirurgie Conceptuelle"},"content":{"rendered":"<div data-elementor-type=\"wp-page\" data-elementor-id=\"15352\" class=\"elementor elementor-15352\" data-elementor-post-type=\"page\">\n\t\t\t\t\t\t\t\t\t<section class=\"elementor-section elementor-top-section elementor-element elementor-element-0754b49 elementor-section-full_width elementor-section-height-default elementor-section-height-default\" data-id=\"0754b49\" data-element_type=\"section\">\n\t\t\t\t\t\t<div class=\"elementor-container elementor-column-gap-default\">\n\t\t\t\t\t<div class=\"elementor-column elementor-col-100 elementor-top-column elementor-element elementor-element-ec8c75f\" data-id=\"ec8c75f\" data-element_type=\"column\">\n\t\t\t<div class=\"elementor-widget-wrap elementor-element-populated\">\n\t\t\t\t\t\t\t\t<div class=\"elementor-element elementor-element-d4aa067 elementor-widget elementor-widget-spacer\" data-id=\"d4aa067\" data-element_type=\"widget\" data-widget_type=\"spacer.default\">\n\t\t\t\t<div class=\"elementor-widget-container\">\n\t\t\t\t\t<div class=\"elementor-spacer\">\n\t\t\t<div class=\"elementor-spacer-inner\"><\/div>\n\t\t<\/div>\n\t\t\t\t<\/div>\n\t\t\t\t<\/div>\n\t\t\t\t\t<\/div>\n\t\t<\/div>\n\t\t\t\t\t\t\t<\/div>\n\t\t<\/section>\n\t\t\t\t<section class=\"elementor-section elementor-top-section elementor-element elementor-element-1985fb4 elementor-section-full_width elementor-section-height-default elementor-section-height-default\" data-id=\"1985fb4\" data-element_type=\"section\" data-settings=\"{&quot;background_background&quot;:&quot;classic&quot;}\">\n\t\t\t\t\t\t<div class=\"elementor-container elementor-column-gap-default\">\n\t\t\t\t\t<div class=\"elementor-column elementor-col-33 elementor-top-column elementor-element elementor-element-183f38e\" data-id=\"183f38e\" data-element_type=\"column\">\n\t\t\t<div class=\"elementor-widget-wrap elementor-element-populated\">\n\t\t\t\t\t\t\t\t<div class=\"elementor-element elementor-element-3e8e647 elementor-hidden-mobile elementor-widget elementor-widget-image\" data-id=\"3e8e647\" data-element_type=\"widget\" data-widget_type=\"image.default\">\n\t\t\t\t<div class=\"elementor-widget-container\">\n\t\t\t\t\t\t\t\t\t\t\t\t\t\t\t<img loading=\"lazy\" decoding=\"async\" width=\"640\" height=\"302\" src=\"https:\/\/www.establishmentlabs.com\/wp-content\/uploads\/2023\/03\/Designed-surgeries.png\" class=\"attachment-medium_large size-medium_large wp-image-15617\" alt=\"\" srcset=\"https:\/\/www.establishmentlabs.com\/wp-content\/uploads\/2023\/03\/Designed-surgeries.png 750w, https:\/\/www.establishmentlabs.com\/wp-content\/uploads\/2023\/03\/Designed-surgeries-300x142.png 300w, https:\/\/www.establishmentlabs.com\/wp-content\/uploads\/2023\/03\/Designed-surgeries-18x8.png 18w\" sizes=\"auto, (max-width: 640px) 100vw, 640px\" \/>\t\t\t\t\t\t\t\t\t\t\t\t\t\t\t<\/div>\n\t\t\t\t<\/div>\n\t\t\t\t<div class=\"elementor-element elementor-element-c851e9d elementor-hidden-desktop elementor-hidden-tablet elementor-widget elementor-widget-image\" data-id=\"c851e9d\" data-element_type=\"widget\" data-widget_type=\"image.default\">\n\t\t\t\t<div class=\"elementor-widget-container\">\n\t\t\t\t\t\t\t\t\t\t\t\t\t\t\t<img loading=\"lazy\" decoding=\"async\" width=\"1665\" height=\"535\" src=\"https:\/\/www.establishmentlabs.com\/wp-content\/uploads\/2023\/05\/Designed-surgeries-mobile.png\" class=\"attachment-full size-full wp-image-16345\" alt=\"\" srcset=\"https:\/\/www.establishmentlabs.com\/wp-content\/uploads\/2023\/05\/Designed-surgeries-mobile.png 1665w, https:\/\/www.establishmentlabs.com\/wp-content\/uploads\/2023\/05\/Designed-surgeries-mobile-300x96.png 300w, https:\/\/www.establishmentlabs.com\/wp-content\/uploads\/2023\/05\/Designed-surgeries-mobile-1024x329.png 1024w, https:\/\/www.establishmentlabs.com\/wp-content\/uploads\/2023\/05\/Designed-surgeries-mobile-768x247.png 768w, https:\/\/www.establishmentlabs.com\/wp-content\/uploads\/2023\/05\/Designed-surgeries-mobile-1536x494.png 1536w, https:\/\/www.establishmentlabs.com\/wp-content\/uploads\/2023\/05\/Designed-surgeries-mobile-18x6.png 18w\" sizes=\"auto, (max-width: 1665px) 100vw, 1665px\" \/>\t\t\t\t\t\t\t\t\t\t\t\t\t\t\t<\/div>\n\t\t\t\t<\/div>\n\t\t\t\t\t<\/div>\n\t\t<\/div>\n\t\t\t\t<div class=\"elementor-column elementor-col-33 elementor-top-column elementor-element elementor-element-5522b54\" data-id=\"5522b54\" data-element_type=\"column\">\n\t\t\t<div class=\"elementor-widget-wrap elementor-element-populated\">\n\t\t\t\t\t\t\t\t<div class=\"elementor-element elementor-element-d8882c8 elementor-widget elementor-widget-heading\" data-id=\"d8882c8\" data-element_type=\"widget\" data-widget_type=\"heading.default\">\n\t\t\t\t<div class=\"elementor-widget-container\">\n\t\t\t<h2 class=\"elementor-heading-title elementor-size-default\">CHIRURGIES CONCEPTUELLES<\/h2>\t\t<\/div>\n\t\t\t\t<\/div>\n\t\t\t\t<div class=\"elementor-element elementor-element-b8c12c6 no-margin elementor-widget elementor-widget-text-editor\" data-id=\"b8c12c6\" data-element_type=\"widget\" data-widget_type=\"text-editor.default\">\n\t\t\t\t<div class=\"elementor-widget-container translation-block\">Nous pensons que les femmes modernes m\u00e9ritent des choix modernes lorsqu'elles envisagent une augmentation ou une reconstruction mammaire. Qu'il s'agisse d'un d\u00e9collet\u00e9 plus g\u00e9n\u00e9reux ou d'une meilleure sym\u00e9trie, obtenez les r\u00e9sultats exacts que vous souhaitez gr\u00e2ce aux chirurgies conceptuelles Motiva<sup>\u00ae<\/sup> adapt\u00e9es \u00e0 votre physique unique et \u00e0 vos objectifs personnels.<\/div>\n\t\t\t\t<\/div>\n\t\t\t\t<div class=\"elementor-element elementor-element-5e59627 elementor-button-info elementor-mobile-align-center elementor-align-center motiva-btn-primary elementor-widget elementor-widget-button\" data-id=\"5e59627\" data-element_type=\"widget\" data-widget_type=\"button.default\">\n\t\t\t\t<div class=\"elementor-widget-container\">\n\t\t\t\t\t<div class=\"elementor-button-wrapper\">\n\t\t\t<a class=\"elementor-button elementor-button-link elementor-size-xs\" href=\"https:\/\/motiva.health\/fr\/patients-designed-surgeries\/\" target=\"_blank\">\n\t\t\t\t\t\t<span class=\"elementor-button-content-wrapper\">\n\t\t\t\t\t\t<span class=\"elementor-button-text\">EN SAVOIR PLUS<\/span>\n\t\t<\/span>\n\t\t\t\t\t<\/a>\n\t\t<\/div>\n\t\t\t\t<\/div>\n\t\t\t\t<\/div>\n\t\t\t\t\t<\/div>\n\t\t<\/div>\n\t\t\t\t<div class=\"elementor-column elementor-col-33 elementor-top-column elementor-element elementor-element-210da38\" data-id=\"210da38\" data-element_type=\"column\">\n\t\t\t<div class=\"elementor-widget-wrap\">\n\t\t\t\t\t\t\t\t\t<\/div>\n\t\t<\/div>\n\t\t\t\t\t\t\t<\/div>\n\t\t<\/section>\n\t\t\t\t\t\t\t<\/div>","protected":false},"excerpt":{"rendered":"<p>DESIGNED SURGERIES We believe modern women deserve modern choices when considering breast augmentation or reconstruction. Whether it\u2019s a fuller cleavage or better symmetry, get the exact results you want with Motiva\u00ae Designed Surgeries, tailored to your unique physique and goals. LEARN MORE [&#8230;]<\/p>\n<p><a class=\"btn btn-secondary understrap-read-more-link\" href=\"https:\/\/www.establishmentlabs.com\/fr\/femtech-innovation\/designed-surgeries\/\">Lire la suite&#8230;<\/a><\/p>","protected":false},"author":7,"featured_media":0,"parent":9582,"menu_order":4,"comment_status":"closed","ping_status":"closed","template":"page-templates\/femtech_submenu.php","meta":{"footnotes":""},"class_list":["post-15352","page","type-page","status-publish","hentry"],"acf":[],"aioseo_notices":[],"_links":{"self":[{"href":"https:\/\/www.establishmentlabs.com\/fr\/wp-json\/wp\/v2\/pages\/15352","targetHints":{"allow":["GET"]}}],"collection":[{"href":"https:\/\/www.establishmentlabs.com\/fr\/wp-json\/wp\/v2\/pages"}],"about":[{"href":"https:\/\/www.establishmentlabs.com\/fr\/wp-json\/wp\/v2\/types\/page"}],"author":[{"embeddable":true,"href":"https:\/\/www.establishmentlabs.com\/fr\/wp-json\/wp\/v2\/users\/7"}],"replies":[{"embeddable":true,"href":"https:\/\/www.establishmentlabs.com\/fr\/wp-json\/wp\/v2\/comments?post=15352"}],"version-history":[{"count":19,"href":"https:\/\/www.establishmentlabs.com\/fr\/wp-json\/wp\/v2\/pages\/15352\/revisions"}],"predecessor-version":[{"id":16364,"href":"https:\/\/www.establishmentlabs.com\/fr\/wp-json\/wp\/v2\/pages\/15352\/revisions\/16364"}],"up":[{"embeddable":true,"href":"https:\/\/www.establishmentlabs.com\/fr\/wp-json\/wp\/v2\/pages\/9582"}],"wp:attachment":[{"href":"https:\/\/www.establishmentlabs.com\/fr\/wp-json\/wp\/v2\/media?parent=15352"}],"curies":[{"name":"wp","href":"https:\/\/api.w.org\/{rel}","templated":true}]}}