{"id":8840,"date":"2022-11-07T12:06:24","date_gmt":"2022-11-07T17:06:24","guid":{"rendered":"https:\/\/establishmentlabs.com\/?page_id=8840"},"modified":"2023-08-03T13:27:18","modified_gmt":"2023-08-03T19:27:18","slug":"esg-documents","status":"publish","type":"page","link":"https:\/\/www.establishmentlabs.com\/fr\/our-impact\/esg-documents\/","title":{"rendered":"Documents ESG"},"content":{"rendered":"<div data-elementor-type=\"wp-page\" data-elementor-id=\"8840\" class=\"elementor elementor-8840\" data-elementor-post-type=\"page\">\n\t\t\t\t\t\t\t\t\t<section class=\"elementor-section elementor-top-section elementor-element elementor-element-00a3239 elementor-section-full_width elementor-section-stretched elementor-section-height-default elementor-section-height-default\" data-id=\"00a3239\" data-element_type=\"section\" data-settings=\"{&quot;stretch_section&quot;:&quot;section-stretched&quot;,&quot;background_background&quot;:&quot;classic&quot;}\">\n\t\t\t\t\t\t<div class=\"elementor-container elementor-column-gap-no\">\n\t\t\t\t\t<div class=\"elementor-column elementor-col-25 elementor-top-column elementor-element elementor-element-fb0c2ba\" data-id=\"fb0c2ba\" data-element_type=\"column\">\n\t\t\t<div class=\"elementor-widget-wrap\">\n\t\t\t\t\t\t\t\t\t<\/div>\n\t\t<\/div>\n\t\t\t\t<div class=\"elementor-column elementor-col-50 elementor-top-column elementor-element elementor-element-c5ad532\" data-id=\"c5ad532\" data-element_type=\"column\">\n\t\t\t<div class=\"elementor-widget-wrap elementor-element-populated\">\n\t\t\t\t\t\t\t\t<section class=\"elementor-section elementor-inner-section elementor-element elementor-element-a1cdbc9 elementor-section-full_width elementor-section-height-min-height elementor-section-content-middle elementor-section-height-default\" data-id=\"a1cdbc9\" data-element_type=\"section\" data-settings=\"{&quot;background_background&quot;:&quot;classic&quot;}\">\n\t\t\t\t\t\t<div class=\"elementor-container elementor-column-gap-default\">\n\t\t\t\t\t<div class=\"elementor-column elementor-col-100 elementor-inner-column elementor-element elementor-element-9af9ac4\" data-id=\"9af9ac4\" data-element_type=\"column\">\n\t\t\t<div class=\"elementor-widget-wrap\">\n\t\t\t\t\t\t\t\t\t<\/div>\n\t\t<\/div>\n\t\t\t\t\t\t\t<\/div>\n\t\t<\/section>\n\t\t\t\t\t<\/div>\n\t\t<\/div>\n\t\t\t\t<div class=\"elementor-column elementor-col-25 elementor-top-column elementor-element elementor-element-c51bf8e\" data-id=\"c51bf8e\" data-element_type=\"column\">\n\t\t\t<div class=\"elementor-widget-wrap\">\n\t\t\t\t\t\t\t\t\t<\/div>\n\t\t<\/div>\n\t\t\t\t\t\t\t<\/div>\n\t\t<\/section>\n\t\t\t\t<section class=\"elementor-section elementor-top-section elementor-element elementor-element-480baa4 elementor-section-boxed elementor-section-height-default elementor-section-height-default\" data-id=\"480baa4\" data-element_type=\"section\">\n\t\t\t\t\t\t<div class=\"elementor-container elementor-column-gap-default\">\n\t\t\t\t\t<div class=\"elementor-column elementor-col-100 elementor-top-column elementor-element elementor-element-9f281e4\" data-id=\"9f281e4\" data-element_type=\"column\">\n\t\t\t<div class=\"elementor-widget-wrap elementor-element-populated\">\n\t\t\t\t\t\t\t\t<div class=\"elementor-element elementor-element-2958580 elementor-widget elementor-widget-spacer\" data-id=\"2958580\" data-element_type=\"widget\" data-widget_type=\"spacer.default\">\n\t\t\t\t<div class=\"elementor-widget-container\">\n\t\t\t\t\t<div class=\"elementor-spacer\">\n\t\t\t<div class=\"elementor-spacer-inner\"><\/div>\n\t\t<\/div>\n\t\t\t\t<\/div>\n\t\t\t\t<\/div>\n\t\t\t\t\t<\/div>\n\t\t<\/div>\n\t\t\t\t\t\t\t<\/div>\n\t\t<\/section>\n\t\t\t\t<section class=\"elementor-section elementor-top-section elementor-element elementor-element-702a773 elementor-section-full_width elementor-section-height-default elementor-section-height-default\" data-id=\"702a773\" data-element_type=\"section\">\n\t\t\t\t\t\t<div class=\"elementor-container elementor-column-gap-default\">\n\t\t\t\t\t<div class=\"elementor-column elementor-col-16 elementor-top-column elementor-element elementor-element-d2c0b92\" data-id=\"d2c0b92\" data-element_type=\"column\">\n\t\t\t<div class=\"elementor-widget-wrap\">\n\t\t\t\t\t\t\t\t\t<\/div>\n\t\t<\/div>\n\t\t\t\t<div class=\"elementor-column elementor-col-66 elementor-top-column elementor-element elementor-element-eb24f4d\" data-id=\"eb24f4d\" data-element_type=\"column\">\n\t\t\t<div class=\"elementor-widget-wrap elementor-element-populated\">\n\t\t\t\t\t\t\t\t<div class=\"elementor-element elementor-element-e89190f elementor-widget elementor-widget-text-editor\" data-id=\"e89190f\" data-element_type=\"widget\" id=\"esg-documents-description\" data-widget_type=\"text-editor.default\">\n\t\t\t\t<div class=\"elementor-widget-container\">\n\t\t\t\t\t\t\t<p>Le d\u00e9veloppement durable est un facteur essentiel de notre engagement en faveur de la sant\u00e9 et du bien-\u00eatre des femmes, il est au c\u0153ur de notre strat\u00e9gie commerciale. Dans un souci de transparence, nous partageons les politiques, les d\u00e9clarations et les documents pertinents qui soulignent nos efforts et notre engagement \u00e0 cr\u00e9er de la valeur \u00e0 long terme pour nos parties prenantes.<\/p>\t\t\t\t\t\t<\/div>\n\t\t\t\t<\/div>\n\t\t\t\t\t<\/div>\n\t\t<\/div>\n\t\t\t\t<div class=\"elementor-column elementor-col-16 elementor-top-column elementor-element elementor-element-6825e5a\" data-id=\"6825e5a\" data-element_type=\"column\">\n\t\t\t<div class=\"elementor-widget-wrap\">\n\t\t\t\t\t\t\t\t\t<\/div>\n\t\t<\/div>\n\t\t\t\t\t\t\t<\/div>\n\t\t<\/section>\n\t\t\t\t<section class=\"elementor-section elementor-top-section elementor-element elementor-element-ebcc7e8 elementor-section-full_width elementor-section-height-default elementor-section-height-default\" data-id=\"ebcc7e8\" data-element_type=\"section\">\n\t\t\t\t\t\t<div class=\"elementor-container elementor-column-gap-default\">\n\t\t\t\t\t<div class=\"elementor-column elementor-col-12 elementor-top-column elementor-element elementor-element-f4b31c3\" data-id=\"f4b31c3\" data-element_type=\"column\">\n\t\t\t<div class=\"elementor-widget-wrap\">\n\t\t\t\t\t\t\t\t\t<\/div>\n\t\t<\/div>\n\t\t\t\t<div class=\"elementor-column elementor-col-12 elementor-top-column elementor-element elementor-element-a20d9de\" data-id=\"a20d9de\" data-element_type=\"column\">\n\t\t\t<div class=\"elementor-widget-wrap elementor-element-populated\">\n\t\t\t\t\t\t\t\t<div class=\"elementor-element elementor-element-12d26f8 elementor-widget elementor-widget-text-editor\" data-id=\"12d26f8\" data-element_type=\"widget\" data-widget_type=\"text-editor.default\">\n\t\t\t\t<div class=\"elementor-widget-container\">\n\t\t\t\t\t\t\t<p>\n<table id=\"tablepress-6\" class=\"tablepress tablepress-id-6 ESG-tables\">\n<thead>\n<tr class=\"row-1\">\n\t<th class=\"column-1\">GOUVERNANCE<\/th>\n<\/tr>\n<\/thead>\n<tbody>\n<tr class=\"row-2\">\n\t<td class=\"column-1\"><a href=\"https:\/\/s202.q4cdn.com\/846949437\/files\/doc_downloads\/Governance-Documents\/Establishment-Labs-Suppliers-Code-of-Conduct.pdf\" rel=\"noopener nofollow\" target=\"_blank\">Scope of social supplier standards<\/a><\/td>\n<\/tr>\n<tr class=\"row-3\">\n\t<td class=\"column-1\"><a href=\"https:\/\/establishmentlabs.com\/wp-content\/uploads\/2023\/10\/Motiva-Implants-PMS-2023-Unlimited.pdf\" rel=\"noopener nofollow\" target=\"_blank\">Post-Market Surveillance Report<\/a><\/td>\n<\/tr>\n<tr class=\"row-4\">\n\t<td class=\"column-1\"><a href=\"https:\/\/s202.q4cdn.com\/846949437\/files\/doc_downloads\/Governance-Documents\/Code-of-Business-Conduct-and-Ethics-(REVJAN2021).pdf\" rel=\"noopener nofollow\" target=\"_blank\">Code of Business Conduct and Ethics, publi\u00e9 en ao\u00fbt 2020<\/a><\/td>\n<\/tr>\n<tr class=\"row-5\">\n\t<td class=\"column-1\"><a href=\"https:\/\/s202.q4cdn.com\/846949437\/files\/doc_downloads\/Governance-Documents\/Global-Anti-Corruption-Compliance-Policy-REVJAN2021.pdf\" rel=\"noopener nofollow\" target=\"_blank\">Global Anti- Corruption Compliance Policy, publi\u00e9 en ao\u00fbt 2021<\/a><\/td>\n<\/tr>\n<tr class=\"row-6\">\n\t<td class=\"column-1\"><a href=\"https:\/\/investors.establishmentlabs.com\/corporate-governance\/documents-and-charters\" rel=\"noopener nofollow\" target=\"_blank\">Board Policies &amp; Statements (Diversity &amp; Independence)<\/a><\/td>\n<\/tr>\n<tr class=\"row-7\">\n\t<td class=\"column-1\"><a href=\"https:\/\/investors.establishmentlabs.com\/financials\/quarterly-results\/default.aspx\" rel=\"noopener nofollow\" target=\"_blank\">Finance &#8211; 10K<\/a><\/td>\n<\/tr>\n<\/tbody>\n<\/table>\n<!-- #tablepress-6 from cache --><\/p>\t\t\t\t\t\t<\/div>\n\t\t\t\t<\/div>\n\t\t\t\t\t<\/div>\n\t\t<\/div>\n\t\t\t\t<div class=\"elementor-column elementor-col-12 elementor-top-column elementor-element elementor-element-dc916aa\" data-id=\"dc916aa\" data-element_type=\"column\">\n\t\t\t<div class=\"elementor-widget-wrap elementor-element-populated\">\n\t\t\t\t\t\t\t\t<div class=\"elementor-element elementor-element-5f62e46 elementor-widget elementor-widget-text-editor\" data-id=\"5f62e46\" data-element_type=\"widget\" data-widget_type=\"text-editor.default\">\n\t\t\t\t<div class=\"elementor-widget-container\">\n\t\t\t\t\t\t\t<p>\n<table id=\"tablepress-7\" class=\"tablepress tablepress-id-7 ESG-tables\">\n<thead>\n<tr class=\"row-1\">\n\t<th class=\"column-1\">LE BIEN-\u00caTRE ET L'\u00c9MANCIPATION DES FEMMES ET L'HUMAIN<\/th>\n<\/tr>\n<\/thead>\n<tbody>\n<tr class=\"row-2\">\n\t<td class=\"column-1\"><a href=\"https:\/\/website-cdn.motiva.health\/wp-content\/uploads\/2021\/05\/Bill-of-rights_1920x1080_web.pdf\" rel=\"noopener nofollow\" target=\"_blank\">Human Rights: Access to Health Care<\/a><\/td>\n<\/tr>\n<tr class=\"row-3\">\n\t<td class=\"column-1\"><a href=\"https:\/\/www.weps.org\/\" rel=\"noopener nofollow\" target=\"_blank\">WEPS<\/a><\/td>\n<\/tr>\n<tr class=\"row-4\">\n\t<td class=\"column-1\"><a href=\"https:\/\/ipgcr.org\/\" rel=\"noopener nofollow\" target=\"_blank\">Gender Parity<\/a><\/td>\n<\/tr>\n<\/tbody>\n<\/table>\n<!-- #tablepress-7 from cache --><\/p>\t\t\t\t\t\t<\/div>\n\t\t\t\t<\/div>\n\t\t\t\t\t<\/div>\n\t\t<\/div>\n\t\t\t\t<div class=\"elementor-column elementor-col-12 elementor-top-column elementor-element elementor-element-ca74757 elementor-hidden-desktop\" data-id=\"ca74757\" data-element_type=\"column\">\n\t\t\t<div class=\"elementor-widget-wrap\">\n\t\t\t\t\t\t\t\t\t<\/div>\n\t\t<\/div>\n\t\t\t\t<div class=\"elementor-column elementor-col-12 elementor-top-column elementor-element elementor-element-529a299 elementor-hidden-desktop\" data-id=\"529a299\" data-element_type=\"column\">\n\t\t\t<div class=\"elementor-widget-wrap\">\n\t\t\t\t\t\t\t\t\t<\/div>\n\t\t<\/div>\n\t\t\t\t<div class=\"elementor-column elementor-col-12 elementor-top-column elementor-element elementor-element-be685af\" data-id=\"be685af\" data-element_type=\"column\">\n\t\t\t<div class=\"elementor-widget-wrap elementor-element-populated\">\n\t\t\t\t\t\t\t\t<div class=\"elementor-element elementor-element-6148596 elementor-widget elementor-widget-text-editor\" data-id=\"6148596\" data-element_type=\"widget\" data-widget_type=\"text-editor.default\">\n\t\t\t\t<div class=\"elementor-widget-container\">\n\t\t\t\t\t\t\t<p>\n<table id=\"tablepress-8\" class=\"tablepress tablepress-id-8 ESG-tables\">\n<thead>\n<tr class=\"row-1\">\n\t<th class=\"column-1\">RAPPORTS DE D\u00c9VELOPPEMENT DURABLE<\/th>\n<\/tr>\n<\/thead>\n<tbody>\n<tr class=\"row-2\">\n\t<td class=\"column-1\"><a href=\"https:\/\/establishmentlabs.com\/wp-content\/uploads\/2022\/12\/CSR-Annual-Report.pdf\" rel=\"noopener nofollow\" target=\"_blank\">Rapport CSR 2019<\/a><\/td>\n<\/tr>\n<tr class=\"row-3\">\n\t<td class=\"column-1\"><a href=\"https:\/\/establishmentlabs.com\/wp-content\/uploads\/2022\/12\/ESTA-2020-Annual-Review-1.pdf\" rel=\"noopener nofollow\" target=\"_blank\">2020 Annual Review<\/a><\/td>\n<\/tr>\n<tr class=\"row-4\">\n\t<td class=\"column-1\"><a href=\"https:\/\/establishmentlabs.com\/wp-content\/uploads\/2022\/12\/ESTA-2021-Sustainability-Review.pdf\" rel=\"noopener nofollow\" target=\"_blank\">2021 Sustainability Review<\/a><\/td>\n<\/tr>\n<tr class=\"row-5\">\n\t<td class=\"column-1\"><a href=\"https:\/\/establishmentlabs.com\/wp-content\/uploads\/2023\/07\/ESTA-Annual-review-2022-1.pdf\" rel=\"noopener nofollow\" target=\"_blank\">2022 Annual Review<\/a><\/td>\n<\/tr>\n<tr class=\"row-6\">\n\t<td class=\"column-1\"><a href=\"https:\/\/establishmentlabs.com\/wp-content\/uploads\/2024\/07\/Sustainability-Annual-Review-2023.pdf\" rel=\"noopener nofollow\" target=\"_blank\">2023 Annual Review<\/a><\/td>\n<\/tr>\n<\/tbody>\n<\/table>\n<!-- #tablepress-8 from cache --><\/p>\t\t\t\t\t\t<\/div>\n\t\t\t\t<\/div>\n\t\t\t\t\t<\/div>\n\t\t<\/div>\n\t\t\t\t<div class=\"elementor-column elementor-col-12 elementor-top-column elementor-element elementor-element-322e4c3\" data-id=\"322e4c3\" data-element_type=\"column\">\n\t\t\t<div class=\"elementor-widget-wrap elementor-element-populated\">\n\t\t\t\t\t\t\t\t<div class=\"elementor-element elementor-element-3a9ef5e elementor-widget elementor-widget-text-editor\" data-id=\"3a9ef5e\" data-element_type=\"widget\" data-widget_type=\"text-editor.default\">\n\t\t\t\t<div class=\"elementor-widget-container\">\n\t\t\t\t\t\t\t<p>\n<table id=\"tablepress-9\" class=\"tablepress tablepress-id-9 ESG-tables\">\n<thead>\n<tr class=\"row-1\">\n\t<th class=\"column-1\">Environment<\/th>\n<\/tr>\n<\/thead>\n<tbody>\n<tr class=\"row-2\">\n\t<td class=\"column-1\"><a href=\"https:\/\/www.usgbc.org\/leed\" rel=\"noopener nofollow\" target=\"_blank\">LEED Gold<\/a><br \/>\n<p>Notre si\u00e8ge social est certifi\u00e9 LEED Gold<\/p><\/td>\n<\/tr>\n<tr class=\"row-3\">\n\t<td class=\"column-1\"><a href=\"https:\/\/www.esencialcostarica.com\/eng\/\" rel=\"noopener nofollow\" target=\"_blank\">Essential COSTA RICA<\/a><br \/>\n<p>Marque nationale certifiant que nous respectons les valeurs du pays : excellence, d\u00e9veloppement durable, innovation, progr\u00e8s social et origine costaricienne.<\/p> <\/td>\n<\/tr>\n<tr class=\"row-4\">\n\t<td class=\"column-1\"><a href=\"https:\/\/cambioclimatico.go.cr\/programa-pais-carbono-neutralidad\/\" rel=\"noopener nofollow\" target=\"_blank\">Carbon Neutral<\/a><br \/>\n<p>Notre si\u00e8ge social et nos sites de production sont certifi\u00e9s neutres en carbone.<\/p><\/td>\n<\/tr>\n<\/tbody>\n<\/table>\n<!-- #tablepress-9 from cache --><\/p>\t\t\t\t\t\t<\/div>\n\t\t\t\t<\/div>\n\t\t\t\t\t<\/div>\n\t\t<\/div>\n\t\t\t\t<div class=\"elementor-column elementor-col-12 elementor-top-column elementor-element elementor-element-d582685\" data-id=\"d582685\" data-element_type=\"column\">\n\t\t\t<div class=\"elementor-widget-wrap\">\n\t\t\t\t\t\t\t\t\t<\/div>\n\t\t<\/div>\n\t\t\t\t\t\t\t<\/div>\n\t\t<\/section>\n\t\t\t\t\t\t\t<\/div>","protected":false},"excerpt":{"rendered":"<p>Sustainability is a core driver of our commitment to women\u2019s health and well-being; it enables business strategy. For transparency, we are sharing the policies, statements, and relevant documentation that highlights our efforts and dedication to creating long-term value for our stakeholders. [&#8230;]<\/p>\n<p><a class=\"btn btn-secondary understrap-read-more-link\" href=\"https:\/\/www.establishmentlabs.com\/fr\/our-impact\/esg-documents\/\">Lire la suite&#8230;<\/a><\/p>","protected":false},"author":8,"featured_media":0,"parent":8718,"menu_order":0,"comment_status":"closed","ping_status":"closed","template":"page-templates\/sustainability_submenu.php","meta":{"footnotes":""},"class_list":["post-8840","page","type-page","status-publish","hentry"],"acf":[],"aioseo_notices":[],"_links":{"self":[{"href":"https:\/\/www.establishmentlabs.com\/fr\/wp-json\/wp\/v2\/pages\/8840","targetHints":{"allow":["GET"]}}],"collection":[{"href":"https:\/\/www.establishmentlabs.com\/fr\/wp-json\/wp\/v2\/pages"}],"about":[{"href":"https:\/\/www.establishmentlabs.com\/fr\/wp-json\/wp\/v2\/types\/page"}],"author":[{"embeddable":true,"href":"https:\/\/www.establishmentlabs.com\/fr\/wp-json\/wp\/v2\/users\/8"}],"replies":[{"embeddable":true,"href":"https:\/\/www.establishmentlabs.com\/fr\/wp-json\/wp\/v2\/comments?post=8840"}],"version-history":[{"count":172,"href":"https:\/\/www.establishmentlabs.com\/fr\/wp-json\/wp\/v2\/pages\/8840\/revisions"}],"predecessor-version":[{"id":17392,"href":"https:\/\/www.establishmentlabs.com\/fr\/wp-json\/wp\/v2\/pages\/8840\/revisions\/17392"}],"up":[{"embeddable":true,"href":"https:\/\/www.establishmentlabs.com\/fr\/wp-json\/wp\/v2\/pages\/8718"}],"wp:attachment":[{"href":"https:\/\/www.establishmentlabs.com\/fr\/wp-json\/wp\/v2\/media?parent=8840"}],"curies":[{"name":"wp","href":"https:\/\/api.w.org\/{rel}","templated":true}]}}