{"id":9600,"date":"2022-11-24T11:24:17","date_gmt":"2022-11-24T16:24:17","guid":{"rendered":"https:\/\/establishmentlabs.com\/?page_id=9600"},"modified":"2023-07-26T15:09:49","modified_gmt":"2023-07-26T21:09:49","slug":"patents","status":"publish","type":"page","link":"https:\/\/www.establishmentlabs.com\/fr\/science-based-innovation\/patents\/","title":{"rendered":"Brevets"},"content":{"rendered":"<div data-elementor-type=\"wp-page\" data-elementor-id=\"9600\" class=\"elementor elementor-9600\" data-elementor-post-type=\"page\">\n\t\t\t\t\t\t\t\t\t<section class=\"elementor-section elementor-top-section elementor-element elementor-element-c05c495 elementor-section-content-middle elementor-section-full_width elementor-section-height-default elementor-section-height-default\" data-id=\"c05c495\" data-element_type=\"section\" data-settings=\"{&quot;background_background&quot;:&quot;classic&quot;}\">\n\t\t\t\t\t\t<div class=\"elementor-container elementor-column-gap-default\">\n\t\t\t\t\t<div class=\"elementor-column elementor-col-25 elementor-top-column elementor-element elementor-element-7d643da\" data-id=\"7d643da\" data-element_type=\"column\">\n\t\t\t<div class=\"elementor-widget-wrap\">\n\t\t\t\t\t\t\t\t\t<\/div>\n\t\t<\/div>\n\t\t\t\t<div class=\"elementor-column elementor-col-50 elementor-top-column elementor-element elementor-element-cd5854f\" data-id=\"cd5854f\" data-element_type=\"column\">\n\t\t\t<div class=\"elementor-widget-wrap elementor-element-populated\">\n\t\t\t\t\t\t\t\t<section class=\"elementor-section elementor-inner-section elementor-element elementor-element-48c76ea elementor-section-height-min-height elementor-section-content-middle elementor-section-boxed elementor-section-height-default\" data-id=\"48c76ea\" data-element_type=\"section\" data-settings=\"{&quot;background_background&quot;:&quot;classic&quot;}\">\n\t\t\t\t\t\t<div class=\"elementor-container elementor-column-gap-default\">\n\t\t\t\t\t<div class=\"elementor-column elementor-col-100 elementor-inner-column elementor-element elementor-element-d07450e\" data-id=\"d07450e\" data-element_type=\"column\">\n\t\t\t<div class=\"elementor-widget-wrap\">\n\t\t\t\t\t\t\t\t\t<\/div>\n\t\t<\/div>\n\t\t\t\t\t\t\t<\/div>\n\t\t<\/section>\n\t\t\t\t\t<\/div>\n\t\t<\/div>\n\t\t\t\t<div class=\"elementor-column elementor-col-25 elementor-top-column elementor-element elementor-element-4a51c24\" data-id=\"4a51c24\" data-element_type=\"column\">\n\t\t\t<div class=\"elementor-widget-wrap\">\n\t\t\t\t\t\t\t\t\t<\/div>\n\t\t<\/div>\n\t\t\t\t\t\t\t<\/div>\n\t\t<\/section>\n\t\t\t\t<section class=\"elementor-section elementor-top-section elementor-element elementor-element-f89abf6 elementor-section-full_width elementor-section-height-default elementor-section-height-default\" data-id=\"f89abf6\" data-element_type=\"section\">\n\t\t\t\t\t\t<div class=\"elementor-container elementor-column-gap-default\">\n\t\t\t\t\t<div class=\"elementor-column elementor-col-100 elementor-top-column elementor-element elementor-element-2f93027\" data-id=\"2f93027\" data-element_type=\"column\">\n\t\t\t<div class=\"elementor-widget-wrap elementor-element-populated\">\n\t\t\t\t\t\t\t\t<div class=\"elementor-element elementor-element-3728025 elementor-widget elementor-widget-spacer\" data-id=\"3728025\" data-element_type=\"widget\" data-widget_type=\"spacer.default\">\n\t\t\t\t<div class=\"elementor-widget-container\">\n\t\t\t\t\t<div class=\"elementor-spacer\">\n\t\t\t<div class=\"elementor-spacer-inner\"><\/div>\n\t\t<\/div>\n\t\t\t\t<\/div>\n\t\t\t\t<\/div>\n\t\t\t\t\t<\/div>\n\t\t<\/div>\n\t\t\t\t\t\t\t<\/div>\n\t\t<\/section>\n\t\t\t\t<section class=\"elementor-section elementor-top-section elementor-element elementor-element-d7bca39 elementor-section-full_width elementor-section-height-default elementor-section-height-default\" data-id=\"d7bca39\" data-element_type=\"section\" data-settings=\"{&quot;background_background&quot;:&quot;classic&quot;}\">\n\t\t\t\t\t\t<div class=\"elementor-container elementor-column-gap-default\">\n\t\t\t\t\t<div class=\"elementor-column elementor-col-16 elementor-top-column elementor-element elementor-element-ec28641\" data-id=\"ec28641\" data-element_type=\"column\">\n\t\t\t<div class=\"elementor-widget-wrap\">\n\t\t\t\t\t\t\t\t\t<\/div>\n\t\t<\/div>\n\t\t\t\t<div class=\"elementor-column elementor-col-66 elementor-top-column elementor-element elementor-element-5e7ebe2\" data-id=\"5e7ebe2\" data-element_type=\"column\">\n\t\t\t<div class=\"elementor-widget-wrap elementor-element-populated\">\n\t\t\t\t\t\t\t\t<div class=\"elementor-element elementor-element-b722182 elementor-widget elementor-widget-text-editor\" data-id=\"b722182\" data-element_type=\"widget\" id=\"patents-description\" data-widget_type=\"text-editor.default\">\n\t\t\t\t<div class=\"elementor-widget-container\">\n\t\t\t\t\t\t\t<p class=\"p1 translation-block\">Establishment Labs<sup>\u00ae<\/sup> utilise une technologie r\u00e9volutionnaire, unique en son genre, pour apporter aux femmes des solutions uniques en mati\u00e8re de sant\u00e9, d'esth\u00e9tique et de reconstruction des seins.<\/p><p class=\"p1\">Pour un total de 25 INVENTIONS (familles de brevets), et un total de 218 DEMANDES EN INSTANCE au niveau mondial, dans 21 JURISDICTIONS (\u00c9tats-Unis, Canada, Isra\u00ebl, Chine, Cor\u00e9e, Br\u00e9sil, Hong Kong, Europe, Royaume-Uni, France, Italie, Espagne, Allemagne, Irlande, Suisse, Belgique, Pays-Bas, Portugal, Su\u00e8de, Norv\u00e8ge, Danemark)<\/p><p>R\u00e9sum\u00e9 du portefeuille de brevets d'ESTA (au 21 novembre 2022) :<\/p>\t\t\t\t\t\t<\/div>\n\t\t\t\t<\/div>\n\t\t\t\t\t<\/div>\n\t\t<\/div>\n\t\t\t\t<div class=\"elementor-column elementor-col-16 elementor-top-column elementor-element elementor-element-f19f9b1\" data-id=\"f19f9b1\" data-element_type=\"column\">\n\t\t\t<div class=\"elementor-widget-wrap\">\n\t\t\t\t\t\t\t\t\t<\/div>\n\t\t<\/div>\n\t\t\t\t\t\t\t<\/div>\n\t\t<\/section>\n\t\t\t\t<section class=\"elementor-section elementor-top-section elementor-element elementor-element-0cb9432 elementor-section-full_width elementor-section-height-default elementor-section-height-default\" data-id=\"0cb9432\" data-element_type=\"section\">\n\t\t\t\t\t\t<div class=\"elementor-container elementor-column-gap-default\">\n\t\t\t\t\t<div class=\"elementor-column elementor-col-16 elementor-top-column elementor-element elementor-element-daeef86\" data-id=\"daeef86\" data-element_type=\"column\">\n\t\t\t<div class=\"elementor-widget-wrap\">\n\t\t\t\t\t\t\t\t\t<\/div>\n\t\t<\/div>\n\t\t\t\t<div class=\"elementor-column elementor-col-66 elementor-top-column elementor-element elementor-element-30de4e3\" data-id=\"30de4e3\" data-element_type=\"column\">\n\t\t\t<div class=\"elementor-widget-wrap elementor-element-populated\">\n\t\t\t\t\t\t\t\t<div class=\"elementor-element elementor-element-334ea79 li-royal-gold ul-padding-20 elementor-widget elementor-widget-text-editor\" data-id=\"334ea79\" data-element_type=\"widget\" data-widget_type=\"text-editor.default\">\n\t\t\t\t<div class=\"elementor-widget-container\">\n\t\t\t\t\t\t\t<ul class=\"patents-ul\">\n\t<li class=\"patents-li translation-block\">APPARATUSES FOR THE IMPLANTATION OF MEDICAL DEVICES AND METHODS OF USE THEREOF <span class=\"sub-content\">(Couvre : injecteur version 1)<\/span><\/li>\n\t<li class=\"patents-li translation-block\">INTRODUCER DEVICES AND METHODS OF USE THEREOF <span class=\"sub-content\">(Couvre : injecteur version 2)<\/span><\/li>\n\t<li class=\"patents-li translation-block\">INSERTION DEVICES AND METHODS OF USE THEREOF <span class=\"sub-content\">(Couvre : ballonnet gonflable)<\/span><\/li>\n\t<li class=\"patents-li translation-block\">IMPLANTS WITH SYMMETRIC SHAPE <span class=\"sub-content\">(Couvre : Diamond)<\/span><\/li>\n\t<li class=\"patents-li translation-block\">TEXTURED SURFACES FOR BREAST IMPLANTS <span class=\"sub-content\">(Couvre : surface dermique - Technologie de surface des implants)<\/span><\/li>\n\t<li class=\"patents-li translation-block\">MEDICAL IMPLANTS AND METHODS OF PREPARATION <span class=\"sub-content\">(Couvre : SilkSurface - processus de fabrication pour la cr\u00e9ation de la technologie de surface)<\/span><\/li>\n\t<li class=\"patents-li translation-block\">BREAST IMPLANTS WITH INTEGRATED TRANSPONDERS <span class=\"sub-content\">(Couvre : Implants avec RFID)<\/span><\/li>\n\t<li class=\"patents-li translation-block\">IMPLANT WITH VISUAL INDICATOR OF A BARRIER <span class=\"sub-content\">(Couvre : couche barri\u00e8re BluSeal)<\/span><\/li>\n\t<li class=\"patents-li translation-block\">HIGH TEMPERATURE TRANSPONDERS <span class=\"sub-content\">(Couvre : RFID ferritique)<\/span><\/li>\n\t<li class=\"patents-li translation-block\">GRAVITY SENSITIVE SILICONE BREAST IMPLANTS <span class=\"sub-content\">(Couvre : Ergo)<\/span><\/li>\n\t<li class=\"patents-li translation-block\">TRANSPONDERS AND SENSORS FOR IMPLANTABLE MEDICAL DEVICES AND METHODS OF USE THEREOF <span class=\"sub-content\">(Couvre : Zen - nouveau RFID non ferritique et localisateur de port pour l'expanseur tissulaire)<\/span><\/li>\n\t<li class=\"patents-li translation-block\">MINIMALLY INVASIVE BREAST IMPLANT PROCEDURE <span class=\"sub-content\">(Couvre : proc\u00e9dure MIA avec l'assistance des outils MIA)<\/span><\/li>\n\t<li class=\"patents-li translation-block\">DEVICES AND METHODS FOR IMPLANTATION PROCEDURES <span class=\"sub-content\">(Couvre : canule \u00e0 bulbe)<\/span><\/li>\n\t<li class=\"patents-li translation-block\">TEXTURED SURFACES FOR BREAST IMPLANTS <span class=\"sub-content\">(Couvre : technologie de surface pas encore d\u00e9velopp\u00e9e par ESTA - Surface adipeuse)<\/span><\/li>\n\t<li class=\"patents-li translation-block\">BREAST IMPLANT <span class=\"sub-content\">(Couvre : Anatomical TrueFixation et Flora v1)<\/span><\/li>\n\t<li class=\"patents-li translation-block\">GLUTEAL IMPLANT <span class=\"sub-content\">(Couvre : GlutealArmonic)<\/span><\/li>\n\t<li class=\"patents-li translation-block\">DEVICE FOR TREATING FAT CELLS TAKEN FROM A PATIENT AND INTENDED FOR A TRANSPLANT <span class=\"sub-content\">(Couvre : Thunderbird - Syst\u00e8me de transfert de graisse Garona pour les proc\u00e9dures hybrides)<\/span><\/li>\n\t<li class=\"patents-li translation-block\">METHODS AND SYSTEMS FOR SENSING PARAMETERS IN IMPLANTABLE DEVICES <span class=\"sub-content\">(Couvre : technologie de d\u00e9tection RFID pour expanseurs tissulaires et implants)<\/span><\/li>\n\t<li class=\"patents-li translation-block\">INJECTION PORT ASSEMBLIES FOR TISSUE EXPANDERS AND RELATED DEVICES AND METHODS <span class=\"sub-content\">(Couvre : Assemblages de ports utiles pour permettre l'acc\u00e8s \u00e0 un implant m\u00e9dical et\/ou d\u00e9terminer l'emplacement et\/ou l'orientation de l'implant \u00e0 l'int\u00e9rieur d'une patiente)<\/span><\/li>\n\t<li class=\"patents-li translation-block\">TISSUE EXPANDERS AND METHODS OF USE THEREOF <span class=\"sub-content\">(Couvre : expanseur tissulaire v.1 \u00e0 stries permettant une expansion uniforme)<\/span><\/li>\n\t<li class=\"patents-li translation-block\">SCAFFOLDING FOR IMPLANTABLE MEDICAL DEVICES AND METHODS OF USE THEREOF <span class=\"sub-content\">(Couvre : technologie de stabilisation pour implants utilisant un support biocompatible)<\/span><\/li>\n\t<li class=\"patents-li translation-block\">MEDICAL IMAGING SYSTEMS, DEVICES AND METHODS <span class=\"sub-content\">(Couvre : Divina v.1 - Scanner d'imagerie 3D d'un r\u00e9sultat de chirurgie possible)<\/span><\/li>\n\t<li class=\"patents-li translation-block\">SYSTEMS AND METHODS FOR PROCESSING ELECTRONIC IMAGES TO DETERMINE A MODIFIED ELECTRONIC IMAGE FOR BREAST PROCEDURES <span class=\"sub-content\">(Couvre : Divina v.2 - Scanner d'imagerie 3D d'un r\u00e9sultat de chirurgie possible)<\/span><\/li>\n\t<li class=\"patents-li translation-block\">SYSTEMS AND METHODS FOR THE SIMULATION AND MODELING OF COMBINED AUGMENTATION PROCEDURES <span class=\"sub-content\">(Couvre : MotivaHybrid - Scanner d'imagerie 3D d'un r\u00e9sultat de chirurgie possible en utilisant la taille d'implant propos\u00e9e en combinaison avec le mat\u00e9riau secondaire propos\u00e9, tel que la graisse)<\/span><\/li>\n\t<li class=\"patents-li translation-block\">SYSTEMS AND METHODS FOR MONITORING BREAST IMPLANTS <span class=\"sub-content\">(Couvre : Syst\u00e8me de d\u00e9tection de rupture \u00e0 l'aide d'une \u00e9chographie)<\/span><\/li>\n<\/ul>\t\t\t\t\t\t<\/div>\n\t\t\t\t<\/div>\n\t\t\t\t\t<\/div>\n\t\t<\/div>\n\t\t\t\t<div class=\"elementor-column elementor-col-16 elementor-top-column elementor-element elementor-element-b91d3e4\" data-id=\"b91d3e4\" data-element_type=\"column\">\n\t\t\t<div class=\"elementor-widget-wrap\">\n\t\t\t\t\t\t\t\t\t<\/div>\n\t\t<\/div>\n\t\t\t\t\t\t\t<\/div>\n\t\t<\/section>\n\t\t\t\t\t\t\t<\/div>","protected":false},"excerpt":{"rendered":"<p>Establishment Labs\u00ae\u202futilizes a breakthrough, first-of-their-kind technology to provide women with unique solutions for breast health, breast aesthetic, and breast reconstruction. For a total of 25 INVENTIONS (patent families), and a total of 218 APPLICATIONS globally, in 21 JURISDICTIONS (USA, Canada, Israel, China, Korea, Brazil, Hong Kong, Europe, United Kingdom, France, Italy, Spain, Germany, Ireland, Switzerland, [&#8230;]<\/p>\n<p><a class=\"btn btn-secondary understrap-read-more-link\" href=\"https:\/\/www.establishmentlabs.com\/fr\/science-based-innovation\/patents\/\">Lire la suite&#8230;<\/a><\/p>","protected":false},"author":7,"featured_media":0,"parent":9697,"menu_order":0,"comment_status":"closed","ping_status":"closed","template":"page-templates\/science_based_innovation_submenu.php","meta":{"footnotes":""},"class_list":["post-9600","page","type-page","status-publish","hentry"],"acf":[],"aioseo_notices":[],"_links":{"self":[{"href":"https:\/\/www.establishmentlabs.com\/fr\/wp-json\/wp\/v2\/pages\/9600","targetHints":{"allow":["GET"]}}],"collection":[{"href":"https:\/\/www.establishmentlabs.com\/fr\/wp-json\/wp\/v2\/pages"}],"about":[{"href":"https:\/\/www.establishmentlabs.com\/fr\/wp-json\/wp\/v2\/types\/page"}],"author":[{"embeddable":true,"href":"https:\/\/www.establishmentlabs.com\/fr\/wp-json\/wp\/v2\/users\/7"}],"replies":[{"embeddable":true,"href":"https:\/\/www.establishmentlabs.com\/fr\/wp-json\/wp\/v2\/comments?post=9600"}],"version-history":[{"count":105,"href":"https:\/\/www.establishmentlabs.com\/fr\/wp-json\/wp\/v2\/pages\/9600\/revisions"}],"predecessor-version":[{"id":17218,"href":"https:\/\/www.establishmentlabs.com\/fr\/wp-json\/wp\/v2\/pages\/9600\/revisions\/17218"}],"up":[{"embeddable":true,"href":"https:\/\/www.establishmentlabs.com\/fr\/wp-json\/wp\/v2\/pages\/9697"}],"wp:attachment":[{"href":"https:\/\/www.establishmentlabs.com\/fr\/wp-json\/wp\/v2\/media?parent=9600"}],"curies":[{"name":"wp","href":"https:\/\/api.w.org\/{rel}","templated":true}]}}