{"id":15345,"date":"2023-03-20T09:39:30","date_gmt":"2023-03-20T15:39:30","guid":{"rendered":"https:\/\/esta-test.click\/?page_id=15345"},"modified":"2023-07-26T14:47:30","modified_gmt":"2023-07-26T20:47:30","slug":"breast-harmonization","status":"publish","type":"page","link":"https:\/\/www.establishmentlabs.com\/sv\/femtech-innovation\/breast-harmonization\/","title":{"rendered":"Br\u00f6stharmonisering"},"content":{"rendered":"<div data-elementor-type=\"wp-page\" data-elementor-id=\"15345\" class=\"elementor elementor-15345\" data-elementor-post-type=\"page\">\n\t\t\t\t\t\t\t\t\t<section class=\"elementor-section elementor-top-section elementor-element elementor-element-df4c6c6 elementor-section-full_width elementor-section-height-default elementor-section-height-default\" data-id=\"df4c6c6\" data-element_type=\"section\">\n\t\t\t\t\t\t<div class=\"elementor-container elementor-column-gap-default\">\n\t\t\t\t\t<div class=\"elementor-column elementor-col-100 elementor-top-column elementor-element elementor-element-92aafea\" data-id=\"92aafea\" data-element_type=\"column\">\n\t\t\t<div class=\"elementor-widget-wrap elementor-element-populated\">\n\t\t\t\t\t\t\t\t<div class=\"elementor-element elementor-element-e65ab95 elementor-widget elementor-widget-spacer\" data-id=\"e65ab95\" data-element_type=\"widget\" data-widget_type=\"spacer.default\">\n\t\t\t\t<div class=\"elementor-widget-container\">\n\t\t\t\t\t<div class=\"elementor-spacer\">\n\t\t\t<div class=\"elementor-spacer-inner\"><\/div>\n\t\t<\/div>\n\t\t\t\t<\/div>\n\t\t\t\t<\/div>\n\t\t\t\t\t<\/div>\n\t\t<\/div>\n\t\t\t\t\t\t\t<\/div>\n\t\t<\/section>\n\t\t\t\t<section class=\"elementor-section elementor-top-section elementor-element elementor-element-7516e87 elementor-section-full_width elementor-section-height-default elementor-section-height-default\" data-id=\"7516e87\" data-element_type=\"section\">\n\t\t\t\t\t\t<div class=\"elementor-container elementor-column-gap-default\">\n\t\t\t\t\t<div class=\"elementor-column elementor-col-16 elementor-top-column elementor-element elementor-element-772c411\" data-id=\"772c411\" data-element_type=\"column\">\n\t\t\t<div class=\"elementor-widget-wrap\">\n\t\t\t\t\t\t\t\t\t<\/div>\n\t\t<\/div>\n\t\t\t\t<div class=\"elementor-column elementor-col-66 elementor-top-column elementor-element elementor-element-c74fa53\" data-id=\"c74fa53\" data-element_type=\"column\">\n\t\t\t<div class=\"elementor-widget-wrap elementor-element-populated\">\n\t\t\t\t\t\t\t\t<div class=\"elementor-element elementor-element-85e33af elementor-widget elementor-widget-heading\" data-id=\"85e33af\" data-element_type=\"widget\" data-widget_type=\"heading.default\">\n\t\t\t\t<div class=\"elementor-widget-container\">\n\t\t\t<h2 class=\"elementor-heading-title elementor-size-default\">BR\u00d6STHARMONISERING<\/h2>\t\t<\/div>\n\t\t\t\t<\/div>\n\t\t\t\t<div class=\"elementor-element elementor-element-a64e530 elementor-widget elementor-widget-text-editor\" data-id=\"a64e530\" data-element_type=\"widget\" id=\"breast-harmonization-description\" data-widget_type=\"text-editor.default\">\n\t\t\t\t<div class=\"elementor-widget-container\">\n\t\t\t\t\t\t\t<p>My Breast Harmony ger kvinnor egenmakt att t\u00e4nka och tala fritt om br\u00f6sth\u00e4lsa och estetik, att v\u00e4lja vad som \u00e4r b\u00e4st f\u00f6r deras kropp och sj\u00e4l under hela livet. De f\u00e5r \u00e4ven l\u00e4ra sig hur Femtechs l\u00f6sningar kan bidra till att g\u00f6ra resan mer bekv\u00e4m och behaglig.<\/p>\t\t\t\t\t\t<\/div>\n\t\t\t\t<\/div>\n\t\t\t\t\t<\/div>\n\t\t<\/div>\n\t\t\t\t<div class=\"elementor-column elementor-col-16 elementor-top-column elementor-element elementor-element-94d7159\" data-id=\"94d7159\" data-element_type=\"column\">\n\t\t\t<div class=\"elementor-widget-wrap\">\n\t\t\t\t\t\t\t\t\t<\/div>\n\t\t<\/div>\n\t\t\t\t\t\t\t<\/div>\n\t\t<\/section>\n\t\t\t\t<section class=\"elementor-section elementor-top-section elementor-element elementor-element-c154549 elementor-section-full_width elementor-section-height-default elementor-section-height-default\" data-id=\"c154549\" data-element_type=\"section\" data-settings=\"{&quot;background_background&quot;:&quot;classic&quot;}\">\n\t\t\t\t\t\t<div class=\"elementor-container elementor-column-gap-default\">\n\t\t\t\t\t<div class=\"elementor-column elementor-col-33 elementor-top-column elementor-element elementor-element-15b98bf\" data-id=\"15b98bf\" data-element_type=\"column\">\n\t\t\t<div class=\"elementor-widget-wrap\">\n\t\t\t\t\t\t\t\t\t<\/div>\n\t\t<\/div>\n\t\t\t\t<div class=\"elementor-column elementor-col-33 elementor-top-column elementor-element elementor-element-2756c76\" data-id=\"2756c76\" data-element_type=\"column\">\n\t\t\t<div class=\"elementor-widget-wrap elementor-element-populated\">\n\t\t\t\t\t\t\t\t<div class=\"elementor-element elementor-element-6441249 elementor-widget elementor-widget-heading\" data-id=\"6441249\" data-element_type=\"widget\" data-widget_type=\"heading.default\">\n\t\t\t\t<div class=\"elementor-widget-container\">\n\t\t\t<h2 class=\"elementor-heading-title elementor-size-default translation-block\">Mia Femtech<sup>TM<\/sup><\/h2>\t\t<\/div>\n\t\t\t\t<\/div>\n\t\t\t\t<div class=\"elementor-element elementor-element-d2992d2 no-margin elementor-widget elementor-widget-text-editor\" data-id=\"d2992d2\" data-element_type=\"widget\" data-widget_type=\"text-editor.default\">\n\t\t\t\t<div class=\"elementor-widget-container translation-block\">Mia Femtech<sup>TM<\/sup> ger harmoni till kvinnors kroppar med ett naturligt, diskret och proportionellt resultat genom att forma deras br\u00f6st p\u00e5 15 minuter<sup>1<\/sup>, med en banbrytande minimalinvasiv teknik utan narkos<sup>2<\/sup>, s\u00e5 att kvinnorna direkt kan g\u00e5 vidare med sin hektiska vardag*.<\/div>\n\t\t\t\t<\/div>\n\t\t\t\t<div class=\"elementor-element elementor-element-1c83488 li-royal-gold ul-padding-20 elementor-hidden-mobile elementor-widget elementor-widget-text-editor\" data-id=\"1c83488\" data-element_type=\"widget\" data-widget_type=\"text-editor.default\">\n\t\t\t\t<div class=\"elementor-widget-container\">\n\t\t\t\t\t\t\t<ul><li>S\u00e4kerhet &lt;1 % enhetsrelaterade komplikationer j\u00e4mf\u00f6rt med marknaden +10 %:<\/li><li>RFID-aktivering<\/li><li>M\u00e4nskliga faktorer (Ergonomi):<\/li><li>Minimalt invasiv<\/li><li>Regen and Advanced Biomaterials<\/li><\/ul>\t\t\t\t\t\t<\/div>\n\t\t\t\t<\/div>\n\t\t\t\t<div class=\"elementor-element elementor-element-2fe99fd elementor-hidden-mobile elementor-widget elementor-widget-text-editor\" data-id=\"2fe99fd\" data-element_type=\"widget\" data-widget_type=\"text-editor.default\">\n\t\t\t\t<div class=\"elementor-widget-container\">\n\t\t\t\t\t\t\t<p>Det har ett h\u00f6gteknologiskt och patenterat system med mer \u00e4n 25 uppfinningar (patenterade familjer) och 218 ans\u00f6kningar globalt i 21 jurisdiktioner.<\/p>\t\t\t\t\t\t<\/div>\n\t\t\t\t<\/div>\n\t\t\t\t<div class=\"elementor-element elementor-element-d8a6720 elementor-button-info elementor-mobile-align-center elementor-align-left motiva-btn-primary elementor-hidden-mobile elementor-widget elementor-widget-button\" data-id=\"d8a6720\" data-element_type=\"widget\" data-widget_type=\"button.default\">\n\t\t\t\t<div class=\"elementor-widget-container\">\n\t\t\t\t\t<div class=\"elementor-button-wrapper\">\n\t\t\t<a class=\"elementor-button elementor-button-link elementor-size-xs\" href=\"https:\/\/miafemtech.com\/sv\" target=\"_blank\">\n\t\t\t\t\t\t<span class=\"elementor-button-content-wrapper\">\n\t\t\t\t\t\t<span class=\"elementor-button-text\">L\u00c4S MER<\/span>\n\t\t<\/span>\n\t\t\t\t\t<\/a>\n\t\t<\/div>\n\t\t\t\t<\/div>\n\t\t\t\t<\/div>\n\t\t\t\t\t<\/div>\n\t\t<\/div>\n\t\t\t\t<div class=\"elementor-column elementor-col-33 elementor-top-column elementor-element elementor-element-65b4a8e\" data-id=\"65b4a8e\" data-element_type=\"column\">\n\t\t\t<div class=\"elementor-widget-wrap elementor-element-populated\">\n\t\t\t\t\t\t\t\t<div class=\"elementor-element elementor-element-9e2baa7 elementor-hidden-mobile elementor-widget elementor-widget-image\" data-id=\"9e2baa7\" data-element_type=\"widget\" data-widget_type=\"image.default\">\n\t\t\t\t<div class=\"elementor-widget-container\">\n\t\t\t\t\t\t\t\t\t\t\t\t\t\t\t<img loading=\"lazy\" decoding=\"async\" width=\"640\" height=\"460\" src=\"https:\/\/www.establishmentlabs.com\/wp-content\/uploads\/2023\/03\/mia-desktop-768x552.png\" class=\"attachment-medium_large size-medium_large wp-image-15630\" alt=\"\" srcset=\"https:\/\/www.establishmentlabs.com\/wp-content\/uploads\/2023\/03\/mia-desktop-768x552.png 768w, https:\/\/www.establishmentlabs.com\/wp-content\/uploads\/2023\/03\/mia-desktop-300x216.png 300w, https:\/\/www.establishmentlabs.com\/wp-content\/uploads\/2023\/03\/mia-desktop-18x12.png 18w, https:\/\/www.establishmentlabs.com\/wp-content\/uploads\/2023\/03\/mia-desktop.png 841w\" sizes=\"auto, (max-width: 640px) 100vw, 640px\" \/>\t\t\t\t\t\t\t\t\t\t\t\t\t\t\t<\/div>\n\t\t\t\t<\/div>\n\t\t\t\t<div class=\"elementor-element elementor-element-0c1fffe elementor-hidden-desktop elementor-hidden-tablet elementor-widget elementor-widget-image\" data-id=\"0c1fffe\" data-element_type=\"widget\" data-widget_type=\"image.default\">\n\t\t\t\t<div class=\"elementor-widget-container\">\n\t\t\t\t\t\t\t\t\t\t\t\t\t\t\t<img loading=\"lazy\" decoding=\"async\" width=\"723\" height=\"1350\" src=\"https:\/\/www.establishmentlabs.com\/wp-content\/uploads\/2023\/05\/Mia-Mobile.png\" class=\"attachment-full size-full wp-image-16348\" alt=\"\" srcset=\"https:\/\/www.establishmentlabs.com\/wp-content\/uploads\/2023\/05\/Mia-Mobile.png 723w, https:\/\/www.establishmentlabs.com\/wp-content\/uploads\/2023\/05\/Mia-Mobile-161x300.png 161w, https:\/\/www.establishmentlabs.com\/wp-content\/uploads\/2023\/05\/Mia-Mobile-548x1024.png 548w, https:\/\/www.establishmentlabs.com\/wp-content\/uploads\/2023\/05\/Mia-Mobile-6x12.png 6w\" sizes=\"auto, (max-width: 723px) 100vw, 723px\" \/>\t\t\t\t\t\t\t\t\t\t\t\t\t\t\t<\/div>\n\t\t\t\t<\/div>\n\t\t\t\t\t<\/div>\n\t\t<\/div>\n\t\t\t\t\t\t\t<\/div>\n\t\t<\/section>\n\t\t\t\t<section class=\"elementor-section elementor-top-section elementor-element elementor-element-dfa128d elementor-section-full_width elementor-hidden-desktop elementor-hidden-tablet elementor-section-height-default elementor-section-height-default\" data-id=\"dfa128d\" data-element_type=\"section\">\n\t\t\t\t\t\t<div class=\"elementor-container elementor-column-gap-default\">\n\t\t\t\t\t<div class=\"elementor-column elementor-col-16 elementor-top-column elementor-element elementor-element-d4e965b\" data-id=\"d4e965b\" data-element_type=\"column\">\n\t\t\t<div class=\"elementor-widget-wrap\">\n\t\t\t\t\t\t\t\t\t<\/div>\n\t\t<\/div>\n\t\t\t\t<div class=\"elementor-column elementor-col-66 elementor-top-column elementor-element elementor-element-b379865\" data-id=\"b379865\" data-element_type=\"column\">\n\t\t\t<div class=\"elementor-widget-wrap elementor-element-populated\">\n\t\t\t\t\t\t\t\t<div class=\"elementor-element elementor-element-9be08a5 li-royal-gold ul-padding-20 elementor-widget elementor-widget-text-editor\" data-id=\"9be08a5\" data-element_type=\"widget\" data-widget_type=\"text-editor.default\">\n\t\t\t\t<div class=\"elementor-widget-container\">\n\t\t\t\t\t\t\t<ul><li>S\u00e4kerhet &lt;1 % enhetsrelaterade komplikationer j\u00e4mf\u00f6rt med marknaden +10 %:<\/li><li>RFID-aktivering<\/li><li>M\u00e4nskliga faktorer (Ergonomi):<\/li><li>Minimalt invasiv<\/li><li>Regen and Advanced Biomaterials<\/li><\/ul>\t\t\t\t\t\t<\/div>\n\t\t\t\t<\/div>\n\t\t\t\t<div class=\"elementor-element elementor-element-da73c65 elementor-widget elementor-widget-text-editor\" data-id=\"da73c65\" data-element_type=\"widget\" data-widget_type=\"text-editor.default\">\n\t\t\t\t<div class=\"elementor-widget-container\">\n\t\t\t\t\t\t\t<p>Det har ett h\u00f6gteknologiskt och patenterat system med mer \u00e4n 25 uppfinningar (patenterade familjer) och 218 ans\u00f6kningar globalt i 21 jurisdiktioner.<\/p>\t\t\t\t\t\t<\/div>\n\t\t\t\t<\/div>\n\t\t\t\t<div class=\"elementor-element elementor-element-bd24264 elementor-button-info elementor-mobile-align-center elementor-align-left motiva-btn-primary elementor-tablet-align-center elementor-widget elementor-widget-button\" data-id=\"bd24264\" data-element_type=\"widget\" data-widget_type=\"button.default\">\n\t\t\t\t<div class=\"elementor-widget-container\">\n\t\t\t\t\t<div class=\"elementor-button-wrapper\">\n\t\t\t<a class=\"elementor-button elementor-button-link elementor-size-xs\" href=\"https:\/\/miafemtech.com\/sv\" target=\"_blank\">\n\t\t\t\t\t\t<span class=\"elementor-button-content-wrapper\">\n\t\t\t\t\t\t<span class=\"elementor-button-text\">L\u00c4S MER<\/span>\n\t\t<\/span>\n\t\t\t\t\t<\/a>\n\t\t<\/div>\n\t\t\t\t<\/div>\n\t\t\t\t<\/div>\n\t\t\t\t\t<\/div>\n\t\t<\/div>\n\t\t\t\t<div class=\"elementor-column elementor-col-16 elementor-top-column elementor-element elementor-element-c441640\" data-id=\"c441640\" data-element_type=\"column\">\n\t\t\t<div class=\"elementor-widget-wrap\">\n\t\t\t\t\t\t\t\t\t<\/div>\n\t\t<\/div>\n\t\t\t\t\t\t\t<\/div>\n\t\t<\/section>\n\t\t\t\t<section class=\"elementor-section elementor-top-section elementor-element elementor-element-6aebef9 elementor-section-full_width elementor-section-height-default elementor-section-height-default\" data-id=\"6aebef9\" data-element_type=\"section\">\n\t\t\t\t\t\t<div class=\"elementor-container elementor-column-gap-default\">\n\t\t\t\t\t<div class=\"elementor-column elementor-col-100 elementor-top-column elementor-element elementor-element-b9a8453\" data-id=\"b9a8453\" data-element_type=\"column\">\n\t\t\t<div class=\"elementor-widget-wrap elementor-element-populated\">\n\t\t\t\t\t\t\t\t<div class=\"elementor-element elementor-element-c3561d7 elementor-widget elementor-widget-spacer\" data-id=\"c3561d7\" data-element_type=\"widget\" data-widget_type=\"spacer.default\">\n\t\t\t\t<div class=\"elementor-widget-container\">\n\t\t\t\t\t<div class=\"elementor-spacer\">\n\t\t\t<div class=\"elementor-spacer-inner\"><\/div>\n\t\t<\/div>\n\t\t\t\t<\/div>\n\t\t\t\t<\/div>\n\t\t\t\t\t<\/div>\n\t\t<\/div>\n\t\t\t\t\t\t\t<\/div>\n\t\t<\/section>\n\t\t\t\t<section class=\"elementor-section elementor-top-section elementor-element elementor-element-e3bd7d9 elementor-section-full_width elementor-section-height-default elementor-section-height-default\" data-id=\"e3bd7d9\" data-element_type=\"section\">\n\t\t\t\t\t\t<div class=\"elementor-container elementor-column-gap-default\">\n\t\t\t\t\t<div class=\"elementor-column elementor-col-16 elementor-top-column elementor-element elementor-element-5bdc2d5\" data-id=\"5bdc2d5\" data-element_type=\"column\">\n\t\t\t<div class=\"elementor-widget-wrap\">\n\t\t\t\t\t\t\t\t\t<\/div>\n\t\t<\/div>\n\t\t\t\t<div class=\"elementor-column elementor-col-66 elementor-top-column elementor-element elementor-element-cc6cd4e\" data-id=\"cc6cd4e\" data-element_type=\"column\">\n\t\t\t<div class=\"elementor-widget-wrap elementor-element-populated\">\n\t\t\t\t\t\t\t\t<div class=\"elementor-element elementor-element-637761e text-bold elementor-widget elementor-widget-text-editor\" data-id=\"637761e\" data-element_type=\"widget\" data-widget_type=\"text-editor.default\">\n\t\t\t\t<div class=\"elementor-widget-container\">\n\t\t\t\t\t\t\tReferenser\t\t\t\t\t\t<\/div>\n\t\t\t\t<\/div>\n\t\t\t\t<div class=\"elementor-element elementor-element-b58a203 elementor-widget elementor-widget-text-editor\" data-id=\"b58a203\" data-element_type=\"widget\" data-widget_type=\"text-editor.default\">\n\t\t\t\t<div class=\"elementor-widget-container translation-block\">*Motion rekommenderas inte under \u00e5terh\u00e4mtningsperioden. F\u00f6lj alltid din l\u00e4kares r\u00e5d\n<br>\n1. Establishment Labs<sup>\u00ae<\/sup>. Data p\u00e5 fil. CLINR-001018.\n<br>\n2. Establishment Labs<sup>\u00ae<\/sup>. Data p\u00e5 fil. CLINP-001007.<\/div>\n\t\t\t\t<\/div>\n\t\t\t\t\t<\/div>\n\t\t<\/div>\n\t\t\t\t<div class=\"elementor-column elementor-col-16 elementor-top-column elementor-element elementor-element-f04e5c4\" data-id=\"f04e5c4\" data-element_type=\"column\">\n\t\t\t<div class=\"elementor-widget-wrap\">\n\t\t\t\t\t\t\t\t\t<\/div>\n\t\t<\/div>\n\t\t\t\t\t\t\t<\/div>\n\t\t<\/section>\n\t\t\t\t\t\t\t<\/div>","protected":false},"excerpt":{"rendered":"<p>BREAST HARMONIZATION My Breast Harmony empowers women to think and speak freely about breast health and aesthetics, to choose what is best for their body and mind during their lifetime, and to know how Femtech solutions can contribute to make this journey more comfortable and enjoyable. Mia FemtechTM Mia Femtech brings harmony to women\u2019s body [&#8230;]<\/p>\n<p><a class=\"btn btn-secondary understrap-read-more-link\" href=\"https:\/\/www.establishmentlabs.com\/sv\/femtech-innovation\/breast-harmonization\/\">L\u00e4s mer<\/a><\/p>","protected":false},"author":7,"featured_media":0,"parent":9582,"menu_order":1,"comment_status":"closed","ping_status":"closed","template":"page-templates\/femtech_submenu.php","meta":{"footnotes":""},"class_list":["post-15345","page","type-page","status-publish","hentry"],"acf":[],"aioseo_notices":[],"_links":{"self":[{"href":"https:\/\/www.establishmentlabs.com\/sv\/wp-json\/wp\/v2\/pages\/15345","targetHints":{"allow":["GET"]}}],"collection":[{"href":"https:\/\/www.establishmentlabs.com\/sv\/wp-json\/wp\/v2\/pages"}],"about":[{"href":"https:\/\/www.establishmentlabs.com\/sv\/wp-json\/wp\/v2\/types\/page"}],"author":[{"embeddable":true,"href":"https:\/\/www.establishmentlabs.com\/sv\/wp-json\/wp\/v2\/users\/7"}],"replies":[{"embeddable":true,"href":"https:\/\/www.establishmentlabs.com\/sv\/wp-json\/wp\/v2\/comments?post=15345"}],"version-history":[{"count":145,"href":"https:\/\/www.establishmentlabs.com\/sv\/wp-json\/wp\/v2\/pages\/15345\/revisions"}],"predecessor-version":[{"id":17208,"href":"https:\/\/www.establishmentlabs.com\/sv\/wp-json\/wp\/v2\/pages\/15345\/revisions\/17208"}],"up":[{"embeddable":true,"href":"https:\/\/www.establishmentlabs.com\/sv\/wp-json\/wp\/v2\/pages\/9582"}],"wp:attachment":[{"href":"https:\/\/www.establishmentlabs.com\/sv\/wp-json\/wp\/v2\/media?parent=15345"}],"curies":[{"name":"wp","href":"https:\/\/api.w.org\/{rel}","templated":true}]}}