{"id":8563,"date":"2022-10-19T03:58:30","date_gmt":"2022-10-19T08:58:30","guid":{"rendered":"https:\/\/establishmentlabs.com\/?page_id=8563"},"modified":"2023-07-26T14:14:34","modified_gmt":"2023-07-26T20:14:34","slug":"our-core","status":"publish","type":"page","link":"https:\/\/www.establishmentlabs.com\/sv\/our-impact\/our-core\/","title":{"rendered":"V\u00e5r K\u00e4rna"},"content":{"rendered":"<div data-elementor-type=\"wp-page\" data-elementor-id=\"8563\" class=\"elementor elementor-8563\" data-elementor-post-type=\"page\">\n\t\t\t\t\t\t\t\t\t<section class=\"elementor-section elementor-top-section elementor-element elementor-element-00a3239 elementor-section-full_width elementor-section-stretched elementor-section-height-default elementor-section-height-default\" data-id=\"00a3239\" data-element_type=\"section\" data-settings=\"{&quot;stretch_section&quot;:&quot;section-stretched&quot;,&quot;background_background&quot;:&quot;classic&quot;}\">\n\t\t\t\t\t\t<div class=\"elementor-container elementor-column-gap-no\">\n\t\t\t\t\t<div class=\"elementor-column elementor-col-25 elementor-top-column elementor-element elementor-element-fb0c2ba\" data-id=\"fb0c2ba\" data-element_type=\"column\">\n\t\t\t<div class=\"elementor-widget-wrap\">\n\t\t\t\t\t\t\t\t\t<\/div>\n\t\t<\/div>\n\t\t\t\t<div class=\"elementor-column elementor-col-50 elementor-top-column elementor-element elementor-element-c5ad532\" data-id=\"c5ad532\" data-element_type=\"column\">\n\t\t\t<div class=\"elementor-widget-wrap elementor-element-populated\">\n\t\t\t\t\t\t\t\t<section class=\"elementor-section elementor-inner-section elementor-element elementor-element-a1cdbc9 elementor-section-full_width elementor-section-height-min-height elementor-section-content-middle elementor-section-height-default\" data-id=\"a1cdbc9\" data-element_type=\"section\" data-settings=\"{&quot;background_background&quot;:&quot;classic&quot;}\">\n\t\t\t\t\t\t<div class=\"elementor-container elementor-column-gap-default\">\n\t\t\t\t\t<div class=\"elementor-column elementor-col-100 elementor-inner-column elementor-element elementor-element-9af9ac4\" data-id=\"9af9ac4\" data-element_type=\"column\">\n\t\t\t<div class=\"elementor-widget-wrap\">\n\t\t\t\t\t\t\t\t\t<\/div>\n\t\t<\/div>\n\t\t\t\t\t\t\t<\/div>\n\t\t<\/section>\n\t\t\t\t\t<\/div>\n\t\t<\/div>\n\t\t\t\t<div class=\"elementor-column elementor-col-25 elementor-top-column elementor-element elementor-element-c51bf8e\" data-id=\"c51bf8e\" data-element_type=\"column\">\n\t\t\t<div class=\"elementor-widget-wrap\">\n\t\t\t\t\t\t\t\t\t<\/div>\n\t\t<\/div>\n\t\t\t\t\t\t\t<\/div>\n\t\t<\/section>\n\t\t\t\t<section class=\"elementor-section elementor-top-section elementor-element elementor-element-71e4d65 elementor-section-full_width elementor-section-height-default elementor-section-height-default\" data-id=\"71e4d65\" data-element_type=\"section\">\n\t\t\t\t\t\t<div class=\"elementor-container elementor-column-gap-default\">\n\t\t\t\t\t<div class=\"elementor-column elementor-col-100 elementor-top-column elementor-element elementor-element-be9aa8d\" data-id=\"be9aa8d\" data-element_type=\"column\">\n\t\t\t<div class=\"elementor-widget-wrap elementor-element-populated\">\n\t\t\t\t\t\t\t\t<div class=\"elementor-element elementor-element-4197f03 elementor-widget elementor-widget-spacer\" data-id=\"4197f03\" data-element_type=\"widget\" data-widget_type=\"spacer.default\">\n\t\t\t\t<div class=\"elementor-widget-container\">\n\t\t\t\t\t<div class=\"elementor-spacer\">\n\t\t\t<div class=\"elementor-spacer-inner\"><\/div>\n\t\t<\/div>\n\t\t\t\t<\/div>\n\t\t\t\t<\/div>\n\t\t\t\t\t<\/div>\n\t\t<\/div>\n\t\t\t\t\t\t\t<\/div>\n\t\t<\/section>\n\t\t\t\t<section class=\"elementor-section elementor-top-section elementor-element elementor-element-702a773 elementor-section-full_width elementor-section-height-default elementor-section-height-default\" data-id=\"702a773\" data-element_type=\"section\">\n\t\t\t\t\t\t<div class=\"elementor-container elementor-column-gap-default\">\n\t\t\t\t\t<div class=\"elementor-column elementor-col-16 elementor-top-column elementor-element elementor-element-d2c0b92\" data-id=\"d2c0b92\" data-element_type=\"column\">\n\t\t\t<div class=\"elementor-widget-wrap\">\n\t\t\t\t\t\t\t\t\t<\/div>\n\t\t<\/div>\n\t\t\t\t<div class=\"elementor-column elementor-col-66 elementor-top-column elementor-element elementor-element-eb24f4d\" data-id=\"eb24f4d\" data-element_type=\"column\">\n\t\t\t<div class=\"elementor-widget-wrap elementor-element-populated\">\n\t\t\t\t\t\t\t\t<div class=\"elementor-element elementor-element-e89190f elementor-widget elementor-widget-text-editor\" data-id=\"e89190f\" data-element_type=\"widget\" id=\"our-description\" data-widget_type=\"text-editor.default\">\n\t\t\t\t<div class=\"elementor-widget-container\">\n\t\t\t\t\t\t\t<p class=\" translation-block\">Vi p\u00e5 Establishment Labs<sup>\u00ae<\/sup> \u00e4r engagerade i att ge kvinnor s\u00e4kra och f\u00f6rb\u00e4ttrade estetiska alternativ, utbildning och resultat f\u00f6r att ge dem kraft att, genom Femtech, fatta v\u00e4lgrundade beslut om sin br\u00f6sth\u00e4lsa. H\u00e5llbarhet \u00e4r nyckeln till v\u00e5r existens och framtid.<\/p><p class=\"p1\">V\u00e5rt h\u00e5llbarhetsramverk l\u00e4gger grunden f\u00f6r att fr\u00e4mja detta engagemang och \u00e4r n\u00e4rvarande i allt vi g\u00f6r. Det beskriver v\u00e5ra pelare, uttalanden, prioriteringar och riktlinjer som m\u00f6jligg\u00f6r v\u00e5r h\u00e5llbarhetsresa. Alla dessa anstr\u00e4ngningar \u00e4r baserade p\u00e5 v\u00e5ra fyra huvudsakliga \u00e4mneskategorier: kvinnors h\u00e4lsa och v\u00e4lbefinnande, milj\u00f6, m\u00e4nniskor och styrning.<\/p><p class=\"p1\">Som ett globalt medicintekniskt f\u00f6retag str\u00e4var vi efter att skapa en positiv och l\u00e5ngsiktig social, milj\u00f6m\u00e4ssig och ekonomisk effekt med v\u00e5ra l\u00f6sningar, erfarenheter, verksamheter och f\u00f6retagsinsatser.<\/p>\t\t\t\t\t\t<\/div>\n\t\t\t\t<\/div>\n\t\t\t\t\t<\/div>\n\t\t<\/div>\n\t\t\t\t<div class=\"elementor-column elementor-col-16 elementor-top-column elementor-element elementor-element-6825e5a\" data-id=\"6825e5a\" data-element_type=\"column\">\n\t\t\t<div class=\"elementor-widget-wrap\">\n\t\t\t\t\t\t\t\t\t<\/div>\n\t\t<\/div>\n\t\t\t\t\t\t\t<\/div>\n\t\t<\/section>\n\t\t\t\t<section class=\"elementor-section elementor-top-section elementor-element elementor-element-4d43fe2 elementor-section-full_width elementor-section-height-default elementor-section-height-default\" data-id=\"4d43fe2\" data-element_type=\"section\">\n\t\t\t\t\t\t<div class=\"elementor-container elementor-column-gap-default\">\n\t\t\t\t\t<div class=\"elementor-column elementor-col-100 elementor-top-column elementor-element elementor-element-168852c\" data-id=\"168852c\" data-element_type=\"column\">\n\t\t\t<div class=\"elementor-widget-wrap elementor-element-populated\">\n\t\t\t\t\t\t\t\t<div class=\"elementor-element elementor-element-fb95354 elementor-widget elementor-widget-spacer\" data-id=\"fb95354\" data-element_type=\"widget\" data-widget_type=\"spacer.default\">\n\t\t\t\t<div class=\"elementor-widget-container\">\n\t\t\t\t\t<div class=\"elementor-spacer\">\n\t\t\t<div class=\"elementor-spacer-inner\"><\/div>\n\t\t<\/div>\n\t\t\t\t<\/div>\n\t\t\t\t<\/div>\n\t\t\t\t\t<\/div>\n\t\t<\/div>\n\t\t\t\t\t\t\t<\/div>\n\t\t<\/section>\n\t\t\t\t<section class=\"elementor-section elementor-top-section elementor-element elementor-element-1eb662c elementor-section-full_width elementor-section-height-default elementor-section-height-default\" data-id=\"1eb662c\" data-element_type=\"section\">\n\t\t\t\t\t\t<div class=\"elementor-container elementor-column-gap-default\">\n\t\t\t\t\t<div class=\"elementor-column elementor-col-16 elementor-top-column elementor-element elementor-element-2f59c60\" data-id=\"2f59c60\" data-element_type=\"column\">\n\t\t\t<div class=\"elementor-widget-wrap\">\n\t\t\t\t\t\t\t\t\t<\/div>\n\t\t<\/div>\n\t\t\t\t<div class=\"elementor-column elementor-col-16 elementor-top-column elementor-element elementor-element-4dcc072\" data-id=\"4dcc072\" data-element_type=\"column\" data-settings=\"{&quot;background_background&quot;:&quot;classic&quot;}\">\n\t\t\t<div class=\"elementor-widget-wrap elementor-element-populated\">\n\t\t\t\t\t\t\t\t<div class=\"elementor-element elementor-element-acf24ce text-medium no-margin elementor-widget elementor-widget-text-editor\" data-id=\"acf24ce\" data-element_type=\"widget\" data-widget_type=\"text-editor.default\">\n\t\t\t\t<div class=\"elementor-widget-container\">\n\t\t\t\t\t\t\t<p>KVINNORS H\u00c4LSA OCH V\u00c4LBEFINNANDE<\/p>\t\t\t\t\t\t<\/div>\n\t\t\t\t<\/div>\n\t\t\t\t<div class=\"elementor-element elementor-element-7c3efc6 no-margin elementor-widget elementor-widget-text-editor\" data-id=\"7c3efc6\" data-element_type=\"widget\" data-widget_type=\"text-editor.default\">\n\t\t\t\t<div class=\"elementor-widget-container\">\n\t\t\t\t\t\t\tEstablishment Labs<sup>\u00ae<\/sup> nischar in sig inom ett omr\u00e5de inom Femtech-branschen f\u00f6r att m\u00f6ta otillfredsst\u00e4llda behov n\u00e4r det g\u00e4ller br\u00f6sth\u00e4lsa, br\u00f6stestetik och br\u00f6strekonstruktion, genom att marknadsf\u00f6ra kvinnofokuserade l\u00f6sningar och f\u00f6respr\u00e5ka ett ekosystem f\u00f6r att definiera en ljus framtid f\u00f6r kvinnors h\u00e4lsa och v\u00e4lbefinnande.\t\t\t\t\t\t<\/div>\n\t\t\t\t<\/div>\n\t\t\t\t\t<\/div>\n\t\t<\/div>\n\t\t\t\t<div class=\"elementor-column elementor-col-16 elementor-top-column elementor-element elementor-element-8d2dc82\" data-id=\"8d2dc82\" data-element_type=\"column\" data-settings=\"{&quot;background_background&quot;:&quot;classic&quot;}\">\n\t\t\t<div class=\"elementor-widget-wrap elementor-element-populated\">\n\t\t\t\t\t\t\t\t<div class=\"elementor-element elementor-element-3352b8c text-medium no-margin elementor-widget elementor-widget-text-editor\" data-id=\"3352b8c\" data-element_type=\"widget\" data-widget_type=\"text-editor.default\">\n\t\t\t\t<div class=\"elementor-widget-container\">\n\t\t\t\t\t\t\t<p>MILJ\u00d6<\/p>\t\t\t\t\t\t<\/div>\n\t\t\t\t<\/div>\n\t\t\t\t<div class=\"elementor-element elementor-element-3aa13bc no-margin elementor-widget elementor-widget-text-editor\" data-id=\"3aa13bc\" data-element_type=\"widget\" data-widget_type=\"text-editor.default\">\n\t\t\t\t<div class=\"elementor-widget-container\">\n\t\t\t\t\t\t\t<p class=\"p1\">V\u00e5rt engagemang f\u00f6r kvinnors h\u00e4lsa och v\u00e4lbefinnande str\u00e4cker sig till beslut och \u00e5tg\u00e4rder som skyddar den milj\u00f6 vi lever i.<\/p><p>\u00a0<\/p><p class=\"p1\">V\u00e5ra v\u00e4rderingar och kultur som Femtech-l\u00f6sningsf\u00f6retag \u00e4r kompromissl\u00f6sa. Att ta hand om planeten Jorden \u00e4r en del av v\u00e5ra f\u00f6retagsv\u00e4rderingar och en nyckelaspekt i v\u00e5r aff\u00e4rsstrategi.<\/p>\t\t\t\t\t\t<\/div>\n\t\t\t\t<\/div>\n\t\t\t\t\t<\/div>\n\t\t<\/div>\n\t\t\t\t<div class=\"elementor-column elementor-col-16 elementor-top-column elementor-element elementor-element-12121f5\" data-id=\"12121f5\" data-element_type=\"column\" data-settings=\"{&quot;background_background&quot;:&quot;classic&quot;}\">\n\t\t\t<div class=\"elementor-widget-wrap elementor-element-populated\">\n\t\t\t\t\t\t\t\t<div class=\"elementor-element elementor-element-21e8ed7 text-medium no-margin elementor-widget elementor-widget-text-editor\" data-id=\"21e8ed7\" data-element_type=\"widget\" data-widget_type=\"text-editor.default\">\n\t\t\t\t<div class=\"elementor-widget-container\">\n\t\t\t\t\t\t\t<p>M\u00c4NNISKOR<\/p>\t\t\t\t\t\t<\/div>\n\t\t\t\t<\/div>\n\t\t\t\t<div class=\"elementor-element elementor-element-171d10e no-margin elementor-widget elementor-widget-text-editor\" data-id=\"171d10e\" data-element_type=\"widget\" data-widget_type=\"text-editor.default\">\n\t\t\t\t<div class=\"elementor-widget-container\">\n\t\t\t\t\t\t\t<p>Vi firar och respekterar varje individ som har anslutit sig till v\u00e5rt f\u00f6retag. Varje bidragsgivare till kvinnors h\u00e4lsa tillf\u00f6r expertis, perspektiv, passion och engagemang i sitt arbete.<\/p><p>\u00a0<\/p><p>P\u00e5 grund av dem kan vi uppfylla v\u00e5rt l\u00f6fte om att f\u00f6rb\u00e4ttra kvinnors h\u00e4lsa och v\u00e4lbefinnande genom att utveckla Femtech-l\u00f6sningar.<\/p>\t\t\t\t\t\t<\/div>\n\t\t\t\t<\/div>\n\t\t\t\t\t<\/div>\n\t\t<\/div>\n\t\t\t\t<div class=\"elementor-column elementor-col-16 elementor-top-column elementor-element elementor-element-463b435\" data-id=\"463b435\" data-element_type=\"column\" data-settings=\"{&quot;background_background&quot;:&quot;classic&quot;}\">\n\t\t\t<div class=\"elementor-widget-wrap elementor-element-populated\">\n\t\t\t\t\t\t\t\t<div class=\"elementor-element elementor-element-de69afb text-medium no-margin elementor-widget elementor-widget-text-editor\" data-id=\"de69afb\" data-element_type=\"widget\" data-widget_type=\"text-editor.default\">\n\t\t\t\t<div class=\"elementor-widget-container\">\n\t\t\t\t\t\t\t<p>STYRNING<\/p>\t\t\t\t\t\t<\/div>\n\t\t\t\t<\/div>\n\t\t\t\t<div class=\"elementor-element elementor-element-fc95110 no-margin elementor-widget elementor-widget-text-editor\" data-id=\"fc95110\" data-element_type=\"widget\" data-widget_type=\"text-editor.default\">\n\t\t\t\t<div class=\"elementor-widget-container\">\n\t\t\t\t\t\t\t<p class=\" translation-block\">Styrningen vid Establishment Labs<sup>\u00ae<\/sup> \u00e4r inte bara avsedd att tillhandah\u00e5lla en upps\u00e4ttning regler som styr v\u00e5ra handlingar, utan ocks\u00e5 principer som v\u00e5ra aktiviteter m\u00e4ts mot och som vi h\u00e5ller oss sj\u00e4lva ansvariga f\u00f6r.<\/p>\t\t\t\t\t\t<\/div>\n\t\t\t\t<\/div>\n\t\t\t\t\t<\/div>\n\t\t<\/div>\n\t\t\t\t<div class=\"elementor-column elementor-col-16 elementor-top-column elementor-element elementor-element-07c9291\" data-id=\"07c9291\" data-element_type=\"column\">\n\t\t\t<div class=\"elementor-widget-wrap\">\n\t\t\t\t\t\t\t\t\t<\/div>\n\t\t<\/div>\n\t\t\t\t\t\t\t<\/div>\n\t\t<\/section>\n\t\t\t\t\t\t\t<\/div>","protected":false},"excerpt":{"rendered":"<p>At Establishment Labs\u00ae, we are committed to providing women with safe and improved aesthetic options, education, and outcomes to empower them, through Femtech, to make informed decisions about their breast health. Sustainability is key to our existence and future. Our sustainability framework lays the foundation to promote this commitment and is present in everything we [&#8230;]<\/p>\n<p><a class=\"btn btn-secondary understrap-read-more-link\" href=\"https:\/\/www.establishmentlabs.com\/sv\/our-impact\/our-core\/\">L\u00e4s mer<\/a><\/p>","protected":false},"author":7,"featured_media":0,"parent":8718,"menu_order":0,"comment_status":"closed","ping_status":"closed","template":"page-templates\/sustainability_submenu.php","meta":{"footnotes":""},"class_list":["post-8563","page","type-page","status-publish","hentry"],"acf":[],"aioseo_notices":[],"_links":{"self":[{"href":"https:\/\/www.establishmentlabs.com\/sv\/wp-json\/wp\/v2\/pages\/8563","targetHints":{"allow":["GET"]}}],"collection":[{"href":"https:\/\/www.establishmentlabs.com\/sv\/wp-json\/wp\/v2\/pages"}],"about":[{"href":"https:\/\/www.establishmentlabs.com\/sv\/wp-json\/wp\/v2\/types\/page"}],"author":[{"embeddable":true,"href":"https:\/\/www.establishmentlabs.com\/sv\/wp-json\/wp\/v2\/users\/7"}],"replies":[{"embeddable":true,"href":"https:\/\/www.establishmentlabs.com\/sv\/wp-json\/wp\/v2\/comments?post=8563"}],"version-history":[{"count":464,"href":"https:\/\/www.establishmentlabs.com\/sv\/wp-json\/wp\/v2\/pages\/8563\/revisions"}],"predecessor-version":[{"id":17196,"href":"https:\/\/www.establishmentlabs.com\/sv\/wp-json\/wp\/v2\/pages\/8563\/revisions\/17196"}],"up":[{"embeddable":true,"href":"https:\/\/www.establishmentlabs.com\/sv\/wp-json\/wp\/v2\/pages\/8718"}],"wp:attachment":[{"href":"https:\/\/www.establishmentlabs.com\/sv\/wp-json\/wp\/v2\/media?parent=8563"}],"curies":[{"name":"wp","href":"https:\/\/api.w.org\/{rel}","templated":true}]}}