{"id":9679,"date":"2022-11-24T13:12:16","date_gmt":"2022-11-24T18:12:16","guid":{"rendered":"https:\/\/establishmentlabs.com\/?page_id=9679"},"modified":"2023-05-16T09:39:54","modified_gmt":"2023-05-16T15:39:54","slug":"medical-education","status":"publish","type":"page","link":"https:\/\/www.establishmentlabs.com\/sv\/science-based-innovation\/medical-education\/","title":{"rendered":"Medicinsk Utbildning"},"content":{"rendered":"<div data-elementor-type=\"wp-page\" data-elementor-id=\"9679\" class=\"elementor elementor-9679\" data-elementor-post-type=\"page\">\n\t\t\t\t\t\t\t\t\t<section class=\"elementor-section elementor-top-section elementor-element elementor-element-9afc0e8 elementor-section-content-middle elementor-section-full_width elementor-section-height-default elementor-section-height-default\" data-id=\"9afc0e8\" data-element_type=\"section\" data-settings=\"{&quot;background_background&quot;:&quot;classic&quot;}\">\n\t\t\t\t\t\t<div class=\"elementor-container elementor-column-gap-default\">\n\t\t\t\t\t<div class=\"elementor-column elementor-col-25 elementor-top-column elementor-element elementor-element-69cc8ca\" data-id=\"69cc8ca\" data-element_type=\"column\">\n\t\t\t<div class=\"elementor-widget-wrap\">\n\t\t\t\t\t\t\t\t\t<\/div>\n\t\t<\/div>\n\t\t\t\t<div class=\"elementor-column elementor-col-50 elementor-top-column elementor-element elementor-element-53c386b\" data-id=\"53c386b\" data-element_type=\"column\">\n\t\t\t<div class=\"elementor-widget-wrap elementor-element-populated\">\n\t\t\t\t\t\t\t\t<section class=\"elementor-section elementor-inner-section elementor-element elementor-element-8f32b88 elementor-section-height-min-height elementor-section-content-middle elementor-section-boxed elementor-section-height-default\" data-id=\"8f32b88\" data-element_type=\"section\" data-settings=\"{&quot;background_background&quot;:&quot;classic&quot;}\">\n\t\t\t\t\t\t<div class=\"elementor-container elementor-column-gap-default\">\n\t\t\t\t\t<div class=\"elementor-column elementor-col-100 elementor-inner-column elementor-element elementor-element-8b8b6f8\" data-id=\"8b8b6f8\" data-element_type=\"column\">\n\t\t\t<div class=\"elementor-widget-wrap\">\n\t\t\t\t\t\t\t\t\t<\/div>\n\t\t<\/div>\n\t\t\t\t\t\t\t<\/div>\n\t\t<\/section>\n\t\t\t\t\t<\/div>\n\t\t<\/div>\n\t\t\t\t<div class=\"elementor-column elementor-col-25 elementor-top-column elementor-element elementor-element-c9ef83c\" data-id=\"c9ef83c\" data-element_type=\"column\">\n\t\t\t<div class=\"elementor-widget-wrap\">\n\t\t\t\t\t\t\t\t\t<\/div>\n\t\t<\/div>\n\t\t\t\t\t\t\t<\/div>\n\t\t<\/section>\n\t\t\t\t<section class=\"elementor-section elementor-top-section elementor-element elementor-element-d42608c elementor-section-full_width elementor-section-height-default elementor-section-height-default\" data-id=\"d42608c\" data-element_type=\"section\">\n\t\t\t\t\t\t<div class=\"elementor-container elementor-column-gap-default\">\n\t\t\t\t\t<div class=\"elementor-column elementor-col-100 elementor-top-column elementor-element elementor-element-f2537d8\" data-id=\"f2537d8\" data-element_type=\"column\">\n\t\t\t<div class=\"elementor-widget-wrap elementor-element-populated\">\n\t\t\t\t\t\t\t\t<div class=\"elementor-element elementor-element-601005e elementor-widget elementor-widget-spacer\" data-id=\"601005e\" data-element_type=\"widget\" data-widget_type=\"spacer.default\">\n\t\t\t\t<div class=\"elementor-widget-container\">\n\t\t\t\t\t<div class=\"elementor-spacer\">\n\t\t\t<div class=\"elementor-spacer-inner\"><\/div>\n\t\t<\/div>\n\t\t\t\t<\/div>\n\t\t\t\t<\/div>\n\t\t\t\t\t<\/div>\n\t\t<\/div>\n\t\t\t\t\t\t\t<\/div>\n\t\t<\/section>\n\t\t\t\t<section class=\"elementor-section elementor-top-section elementor-element elementor-element-4281334 elementor-section-full_width elementor-section-height-default elementor-section-height-default\" data-id=\"4281334\" data-element_type=\"section\">\n\t\t\t\t\t\t<div class=\"elementor-container elementor-column-gap-default\">\n\t\t\t\t\t<div class=\"elementor-column elementor-col-16 elementor-top-column elementor-element elementor-element-9408796\" data-id=\"9408796\" data-element_type=\"column\">\n\t\t\t<div class=\"elementor-widget-wrap\">\n\t\t\t\t\t\t\t\t\t<\/div>\n\t\t<\/div>\n\t\t\t\t<div class=\"elementor-column elementor-col-66 elementor-top-column elementor-element elementor-element-154b5d2\" data-id=\"154b5d2\" data-element_type=\"column\">\n\t\t\t<div class=\"elementor-widget-wrap elementor-element-populated\">\n\t\t\t\t\t\t\t\t<div class=\"elementor-element elementor-element-4a76f8a elementor-widget elementor-widget-text-editor\" data-id=\"4a76f8a\" data-element_type=\"widget\" data-widget_type=\"text-editor.default\">\n\t\t\t\t<div class=\"elementor-widget-container\">\n\t\t\t\t\t\t\t<p class=\"p1 translation-block\">Global Medical Education tillhandah\u00e5ller utbildning och utbildning till h\u00e4lso- och sjukv\u00e5rdpersonal om s\u00e4ker och effektiv anv\u00e4ndning av Establishment Labs<sup>\u00ae<\/sup>-l\u00f6sningar.<\/p><p class=\"p1 translation-block\">Establishment Labs<sup>\u00ae<\/sup> investerar i ett flertal globala utbildningsprogram f\u00f6r h\u00e4lso- och sjukv\u00e5rdpersonal, med hj\u00e4lp av medicinska experter som delar sin kliniska erfarenhet med v\u00e5ra l\u00f6sningar. Vi anser att peer-to-peer-utbildning \u00e4r en viktig resurs f\u00f6r h\u00e4lso- och sjukv\u00e5rdspersonal. Vi har ett starkt engagemang f\u00f6r att leverera program som g\u00f6r det m\u00f6jligt f\u00f6r h\u00e4lso- och sjukv\u00e5rdpersonalen att bli trygga i att anv\u00e4nda v\u00e5ra produkter och ge b\u00e4sta m\u00f6jliga resultat f\u00f6r sina patienter.<\/p><p class=\"p1 translation-block\">F\u00f6r mer information om tillg\u00e4ngliga medicinska utbildningsprogram, kontakta din lokala Establishment Labs<sup>\u00ae<\/sup>-representant.<\/p>\t\t\t\t\t\t<\/div>\n\t\t\t\t<\/div>\n\t\t\t\t\t<\/div>\n\t\t<\/div>\n\t\t\t\t<div class=\"elementor-column elementor-col-16 elementor-top-column elementor-element elementor-element-6c70baa\" data-id=\"6c70baa\" data-element_type=\"column\">\n\t\t\t<div class=\"elementor-widget-wrap\">\n\t\t\t\t\t\t\t\t\t<\/div>\n\t\t<\/div>\n\t\t\t\t\t\t\t<\/div>\n\t\t<\/section>\n\t\t\t\t\t\t\t<\/div>","protected":false},"excerpt":{"rendered":"<p>Global Medical Education provides training and education to healthcare professionals on the safe and effective use of Establishment Labs\u00ae\u202fsolutions. Establishment Labs\u00ae\u202finvests in numerous global educational programs for healthcare professionals, using medical experts who share their clinical experience with our solutions. We believe peer-to-peer education to be an important resource for healthcare professionals. We have a [&#8230;]<\/p>\n<p><a class=\"btn btn-secondary understrap-read-more-link\" href=\"https:\/\/www.establishmentlabs.com\/sv\/science-based-innovation\/medical-education\/\">L\u00e4s mer<\/a><\/p>","protected":false},"author":7,"featured_media":0,"parent":9697,"menu_order":0,"comment_status":"closed","ping_status":"closed","template":"page-templates\/science_based_innovation_submenu.php","meta":{"footnotes":""},"class_list":["post-9679","page","type-page","status-publish","hentry"],"acf":[],"aioseo_notices":[],"_links":{"self":[{"href":"https:\/\/www.establishmentlabs.com\/sv\/wp-json\/wp\/v2\/pages\/9679","targetHints":{"allow":["GET"]}}],"collection":[{"href":"https:\/\/www.establishmentlabs.com\/sv\/wp-json\/wp\/v2\/pages"}],"about":[{"href":"https:\/\/www.establishmentlabs.com\/sv\/wp-json\/wp\/v2\/types\/page"}],"author":[{"embeddable":true,"href":"https:\/\/www.establishmentlabs.com\/sv\/wp-json\/wp\/v2\/users\/7"}],"replies":[{"embeddable":true,"href":"https:\/\/www.establishmentlabs.com\/sv\/wp-json\/wp\/v2\/comments?post=9679"}],"version-history":[{"count":90,"href":"https:\/\/www.establishmentlabs.com\/sv\/wp-json\/wp\/v2\/pages\/9679\/revisions"}],"predecessor-version":[{"id":16483,"href":"https:\/\/www.establishmentlabs.com\/sv\/wp-json\/wp\/v2\/pages\/9679\/revisions\/16483"}],"up":[{"embeddable":true,"href":"https:\/\/www.establishmentlabs.com\/sv\/wp-json\/wp\/v2\/pages\/9697"}],"wp:attachment":[{"href":"https:\/\/www.establishmentlabs.com\/sv\/wp-json\/wp\/v2\/media?parent=9679"}],"curies":[{"name":"wp","href":"https:\/\/api.w.org\/{rel}","templated":true}]}}